{"id":4825,"date":"2024-11-07T09:03:16","date_gmt":"2024-11-07T09:03:16","guid":{"rendered":"https:\/\/batlle.es\/?page_id=4825"},"modified":"2024-12-02T11:16:42","modified_gmt":"2024-12-02T11:16:42","slug":"ayuda-kit-digital-tu-web-y-posicionamiento-gratis","status":"publish","type":"page","link":"https:\/\/batlle.es\/fr\/ayuda-kit-digital-tu-web-y-posicionamiento-gratis\/","title":{"rendered":"Trousse num\u00e9rique"},"content":{"rendered":"<div data-elementor-type=\"wp-page\" data-elementor-id=\"4825\" class=\"elementor elementor-4825\" data-elementor-post-type=\"page\">\n\t\t\t\t<div class=\"elementor-element elementor-element-6c08a42 e-con-full e-flex e-con e-parent\" data-id=\"6c08a42\" data-element_type=\"container\" data-e-type=\"container\" data-settings=\"{&quot;background_background&quot;:&quot;video&quot;,&quot;background_video_link&quot;:&quot;https:\\\/\\\/batlle.es\\\/videos\\\/cohete.mp4&quot;,&quot;background_video_start&quot;:0,&quot;background_play_on_mobile&quot;:&quot;yes&quot;}\">\n\t\t<div class=\"elementor-background-video-container\">\n\t\t\t\t\t\t\t<video class=\"elementor-background-video-hosted\" role=\"presentation\" autoplay muted playsinline loop><\/video>\n\t\t\t\t\t<\/div>\t\t<div class=\"elementor-element elementor-element-cc08126 elementor-align-right elementor-invisible elementor-widget elementor-widget-button\" data-id=\"cc08126\" data-element_type=\"widget\" data-e-type=\"widget\" data-settings=\"{&quot;_animation&quot;:&quot;fadeInLeft&quot;}\" data-widget_type=\"button.default\">\n\t\t\t\t<div class=\"elementor-widget-container\">\n\t\t\t\t\t\t\t\t\t<div class=\"elementor-button-wrapper\">\n\t\t\t\t\t<a class=\"elementor-button elementor-size-xs\" role=\"button\">\n\t\t\t\t\t\t<span class=\"elementor-button-content-wrapper\">\n\t\t\t\t\t\t\t\t\t<span class=\"elementor-button-text\">Trousse num\u00e9rique<\/span>\n\t\t\t\t\t<\/span>\n\t\t\t\t\t<\/a>\n\t\t\t\t<\/div>\n\t\t\t\t\t\t\t\t<\/div>\n\t\t\t\t<\/div>\n\t\t\t\t<\/div>\n\t\t<div class=\"elementor-element elementor-element-63b9229 e-flex e-con-boxed e-con e-parent\" data-id=\"63b9229\" data-element_type=\"container\" data-e-type=\"container\" data-settings=\"{&quot;background_background&quot;:&quot;classic&quot;}\">\n\t\t\t\t\t<div class=\"e-con-inner\">\n\t\t\t\t<div class=\"elementor-element elementor-element-42c2769 elementor-widget elementor-widget-text-editor\" data-id=\"42c2769\" data-element_type=\"widget\" data-e-type=\"widget\" data-widget_type=\"text-editor.default\">\n\t\t\t\t<div class=\"elementor-widget-container\">\n\t\t\t\t\t\t\t\t\t<div style=\"display: none;\">\n  Le kit num\u00e9rique est une solution con\u00e7ue pour aider les entreprises \u00e0 faire un pas vers la transformation num\u00e9rique, leur permettant d&#039;optimiser leur pr\u00e9sence en ligne, d&#039;am\u00e9liorer l&#039;interaction avec leurs clients et de valoriser leurs op\u00e9rations commerciales. Son utilisation est essentielle pour ceux qui souhaitent se d\u00e9marquer sur un march\u00e9 de plus en plus digitalis\u00e9 et concurrentiel. Nous vous expliquons ici quelques-uns des principaux avantages que vous pouvez obtenir en mettant en \u0153uvre le kit num\u00e9rique pour la cr\u00e9ation de pages Web, le commerce \u00e9lectronique, l&#039;optimisation du positionnement et la gestion des r\u00e9seaux sociaux. 1. Cr\u00e9ation de sites internet et ecommerce efficaces et personnalis\u00e9s : Le kit num\u00e9rique facilite la cr\u00e9ation de sites internet professionnels et de boutiques en ligne adapt\u00e9s aux besoins de chaque entreprise. Cela inclut un design attrayant et fonctionnel, visant \u00e0 am\u00e9liorer l&#039;exp\u00e9rience utilisateur, ainsi que des fonctionnalit\u00e9s personnalis\u00e9es qui refl\u00e8tent l&#039;identit\u00e9 de la marque. Avec un site internet bien con\u00e7u, non seulement vous attirez et captez l\u2019attention des visiteurs, mais vous transformez \u00e9galement leur visite en une exp\u00e9rience positive, ce qui augmente les chances de conversion et de fid\u00e9lit\u00e9. 2. Une plus grande visibilit\u00e9 gr\u00e2ce \u00e0 des strat\u00e9gies SEO avanc\u00e9es : Avoir un site internet ou un e-commerce ne suffit pas si vous n\u2019\u00eates pas visible aupr\u00e8s de votre public cible. Le kit num\u00e9rique propose des outils et des strat\u00e9gies pour optimiser le positionnement dans les moteurs de recherche (SEO), ce qui garantit que votre page est plus facile \u00e0 trouver. En am\u00e9liorant votre visibilit\u00e9, vous augmentez le trafic organique et donc les opportunit\u00e9s de g\u00e9n\u00e9rer des ventes. Les tactiques de r\u00e9f\u00e9rencement vont de l&#039;optimisation des mots cl\u00e9s \u00e0 l&#039;am\u00e9lioration de la vitesse de chargement du site, en garantissant le respect des meilleures pratiques du secteur. 3. Gestion efficace des r\u00e9seaux sociaux : De nos jours, avoir une pr\u00e9sence active sur les r\u00e9seaux sociaux est essentiel pour construire une marque forte et connect\u00e9e \u00e0 votre audience. Avec le kit num\u00e9rique, il est possible de g\u00e9rer de mani\u00e8re globale les profils de r\u00e9seaux sociaux de votre entreprise, vous permettant de cr\u00e9er du contenu attrayant et pertinent, de r\u00e9pondre aux interactions des utilisateurs et de maintenir une strat\u00e9gie de communication coh\u00e9rente. Une bonne gestion du r\u00e9seau g\u00e9n\u00e8re de l&#039;engagement, renforce la relation avec les clients et augmente la port\u00e9e de votre message, d\u00e9veloppant ainsi votre communaut\u00e9 num\u00e9rique. 4. Augmentation de la comp\u00e9titivit\u00e9 et de l&#039;adaptabilit\u00e9 des entreprises : La num\u00e9risation n&#039;est plus une option, mais une n\u00e9cessit\u00e9 pour toute entreprise qui souhaite rester \u00e0 jour. Le kit num\u00e9rique fournit des outils technologiques qui am\u00e9liorent la comp\u00e9titivit\u00e9 de votre entreprise, en optimisant les ressources et en vous permettant de vous adapter aux \u00e9volutions du march\u00e9. D&#039;une boutique en ligne pouvant vendre 24h\/24 et 7j\/7 aux campagnes de marketing num\u00e9rique efficaces, chaque fonctionnalit\u00e9 du kit est con\u00e7ue pour maximiser l&#039;impact de votre entreprise dans l&#039;environnement num\u00e9rique. 5. Gain de temps et de ressources avec des solutions int\u00e9gr\u00e9es : Enfin, le kit num\u00e9rique propose des solutions int\u00e9gr\u00e9es qui permettent d&#039;\u00e9conomiser du temps et des ressources. De la cr\u00e9ation de votre site Web \u00e0 la gestion des campagnes et \u00e0 l&#039;analyse des r\u00e9sultats, avoir tout au m\u00eame endroit simplifie les processus et am\u00e9liore l&#039;efficacit\u00e9 op\u00e9rationnelle. L\u2019investissement dans ces outils est essentiel pour que les entreprises, quelle que soit leur taille, puissent rivaliser sur un pied d\u2019\u00e9galit\u00e9 et se d\u00e9velopper dans le monde num\u00e9rique.\n<\/div>\t\t\t\t\t\t\t\t<\/div>\n\t\t\t\t<\/div>\n\t\t<div class=\"elementor-element elementor-element-833f921 e-con-full e-flex elementor-invisible e-con e-child\" data-id=\"833f921\" data-element_type=\"container\" data-e-type=\"container\" data-settings=\"{&quot;background_background&quot;:&quot;classic&quot;,&quot;animation&quot;:&quot;fadeIn&quot;,&quot;animation_delay&quot;:1000}\">\n\t\t\t\t<div class=\"elementor-element elementor-element-1027898 elementor-widget elementor-widget-image\" data-id=\"1027898\" data-element_type=\"widget\" data-e-type=\"widget\" data-widget_type=\"image.default\">\n\t\t\t\t<div class=\"elementor-widget-container\">\n\t\t\t\t\t\t\t\t\t\t\t\t\t\t\t<img decoding=\"async\" width=\"213\" height=\"58\" src=\"https:\/\/batlle.es\/wp-content\/uploads\/2024\/11\/Group-17.png\" class=\"attachment-large size-large wp-image-4830\" alt=\"kit digital logo\" srcset=\"https:\/\/batlle.es\/wp-content\/uploads\/2024\/11\/Group-17.png 213w, https:\/\/batlle.es\/wp-content\/uploads\/2024\/11\/Group-17-18x5.png 18w\" sizes=\"(max-width: 213px) 100vw, 213px\" \/>\t\t\t\t\t\t\t\t\t\t\t\t\t\t\t<\/div>\n\t\t\t\t<\/div>\n\t\t<div class=\"elementor-element elementor-element-650fff2 e-flex e-con-boxed e-con e-child\" data-id=\"650fff2\" data-element_type=\"container\" data-e-type=\"container\">\n\t\t\t\t\t<div class=\"e-con-inner\">\n\t\t\t\t<div class=\"elementor-element elementor-element-7078af2 elementor-widget elementor-widget-text-editor\" data-id=\"7078af2\" data-element_type=\"widget\" data-e-type=\"widget\" data-widget_type=\"text-editor.default\">\n\t\t\t\t<div class=\"elementor-widget-container\">\n\t\t\t\t\t\t\t\t\t<p>Avec le kit num\u00e9rique, vous pouvez obtenir jusqu&#039;\u00e0 29 000 \u20ac d&#039;aide des fonds europ\u00e9ens Next Generation.<\/p><p>Que vous soyez ind\u00e9pendant, TPE ou PME, votre site internet, son positionnement et la gestion de vos r\u00e9seaux sociaux peuvent \u00eatre gratuits selon le type d&#039;aide qui vous correspond.<\/p><p>Chez Batlle nous sommes <strong>agents num\u00e9riseurs, agr\u00e9\u00e9s<\/strong> par l&#039;\u00c9tat, c&#039;est pourquoi nous g\u00e9rons et apportons des aides directes.<\/p><p>La date limite pour demander le kit num\u00e9rique est prolong\u00e9e jusqu&#039;au 31 d\u00e9cembre 2025<\/p><p>Ces subventions sont r\u00e9parties en fonction du nombre de salari\u00e9s dans votre entreprise :<\/p>\t\t\t\t\t\t\t\t<\/div>\n\t\t\t\t<\/div>\n\t\t\t\t<div class=\"elementor-element elementor-element-4ca9024 elementor-widget elementor-widget-heading\" data-id=\"4ca9024\" data-element_type=\"widget\" data-e-type=\"widget\" data-widget_type=\"heading.default\">\n\t\t\t\t<div class=\"elementor-widget-container\">\n\t\t\t\t\t<h2 class=\"elementor-heading-title elementor-size-default\">Segment b\u00e9n\u00e9ficiaire - Montants du kit num\u00e9rique<\/h2>\t\t\t\t<\/div>\n\t\t\t\t<\/div>\n\t\t\t\t\t<\/div>\n\t\t\t\t<\/div>\n\t\t<div class=\"elementor-element elementor-element-c185fb1 e-con-full e-flex e-con e-child\" data-id=\"c185fb1\" data-element_type=\"container\" data-e-type=\"container\">\n\t\t<div class=\"elementor-element elementor-element-0c6a0d2 e-con-full e-flex e-con e-child\" data-id=\"0c6a0d2\" data-element_type=\"container\" data-e-type=\"container\">\n\t\t\t\t<div class=\"elementor-element elementor-element-016ddcb elementor-widget elementor-widget-qi_addons_for_elementor_accordion\" data-id=\"016ddcb\" data-element_type=\"widget\" data-e-type=\"widget\" data-widget_type=\"qi_addons_for_elementor_accordion.default\">\n\t\t\t\t<div class=\"elementor-widget-container\">\n\t\t\t\t\t<div class=\"qodef-shortcode qodef-m qodef-qi-accordion qodef-qi-clear qodef-behavior--toggle qodef-layout--simple qodef-style--border-top\">\n\t<h3 class=\"qodef-e-title-holder\">\n\t<span class=\"qodef-e-title\">Entre 0 et 3 salari\u00e9s<\/span>\n\t<span class=\"qodef-e-mark\">\n\t\t<span class=\"qodef-icon--plus\">\n\t\t\t\t<span class=\"qodef-e-icon\">\n\t\t<i aria-hidden=\"true\" class=\"fas fa-plus\"><\/i>\t<\/span>\n\t\t\t<\/span>\n\t\t<span class=\"qodef-icon--minus\">\n\t\t\t\t<span class=\"qodef-e-icon\">\n\t\t<i aria-hidden=\"true\" class=\"fas fa-minus\"><\/i>\t<\/span>\n\t\t\t<\/span>\n\t<\/span>\n<\/h3>\n<div class=\"qodef-e-content\">\n\t<div class=\"qodef-e-content-inner\">\n\t\t<p>Jusqu&#039;\u00e0 3 000 \u20ac<\/p>\t<\/div>\n<\/div>\n<h3 class=\"qodef-e-title-holder\">\n\t<span class=\"qodef-e-title\">Entre 3 et 10 salari\u00e9s<\/span>\n\t<span class=\"qodef-e-mark\">\n\t\t<span class=\"qodef-icon--plus\">\n\t\t\t\t<span class=\"qodef-e-icon\">\n\t\t<i aria-hidden=\"true\" class=\"fas fa-plus\"><\/i>\t<\/span>\n\t\t\t<\/span>\n\t\t<span class=\"qodef-icon--minus\">\n\t\t\t\t<span class=\"qodef-e-icon\">\n\t\t<i aria-hidden=\"true\" class=\"fas fa-minus\"><\/i>\t<\/span>\n\t\t\t<\/span>\n\t<\/span>\n<\/h3>\n<div class=\"qodef-e-content\">\n\t<div class=\"qodef-e-content-inner\">\n\t\t<p>Jusqu&#039;\u00e0 6 000 \u20ac<\/p>\t<\/div>\n<\/div>\n<h3 class=\"qodef-e-title-holder\">\n\t<span class=\"qodef-e-title\">Entre 10 et 50 salari\u00e9s<\/span>\n\t<span class=\"qodef-e-mark\">\n\t\t<span class=\"qodef-icon--plus\">\n\t\t\t\t<span class=\"qodef-e-icon\">\n\t\t<i aria-hidden=\"true\" class=\"fas fa-plus\"><\/i>\t<\/span>\n\t\t\t<\/span>\n\t\t<span class=\"qodef-icon--minus\">\n\t\t\t\t<span class=\"qodef-e-icon\">\n\t\t<i aria-hidden=\"true\" class=\"fas fa-minus\"><\/i>\t<\/span>\n\t\t\t<\/span>\n\t<\/span>\n<\/h3>\n<div class=\"qodef-e-content\">\n\t<div class=\"qodef-e-content-inner\">\n\t\t<p>Jusqu&#039;\u00e0 12 000 \u20ac<\/p>\t<\/div>\n<\/div>\n<h3 class=\"qodef-e-title-holder\">\n\t<span class=\"qodef-e-title\">Entre 50 et 100 salari\u00e9s<\/span>\n\t<span class=\"qodef-e-mark\">\n\t\t<span class=\"qodef-icon--plus\">\n\t\t\t\t<span class=\"qodef-e-icon\">\n\t\t<i aria-hidden=\"true\" class=\"fas fa-plus\"><\/i>\t<\/span>\n\t\t\t<\/span>\n\t\t<span class=\"qodef-icon--minus\">\n\t\t\t\t<span class=\"qodef-e-icon\">\n\t\t<i aria-hidden=\"true\" class=\"fas fa-minus\"><\/i>\t<\/span>\n\t\t\t<\/span>\n\t<\/span>\n<\/h3>\n<div class=\"qodef-e-content\">\n\t<div class=\"qodef-e-content-inner\">\n\t\t<p>Jusqu&#039;\u00e0 25 000 \u20ac<\/p>\t<\/div>\n<\/div>\n<h3 class=\"qodef-e-title-holder\">\n\t<span class=\"qodef-e-title\">Entre 100 et 250 salari\u00e9s<\/span>\n\t<span class=\"qodef-e-mark\">\n\t\t<span class=\"qodef-icon--plus\">\n\t\t\t\t<span class=\"qodef-e-icon\">\n\t\t<i aria-hidden=\"true\" class=\"fas fa-plus\"><\/i>\t<\/span>\n\t\t\t<\/span>\n\t\t<span class=\"qodef-icon--minus\">\n\t\t\t\t<span class=\"qodef-e-icon\">\n\t\t<i aria-hidden=\"true\" class=\"fas fa-minus\"><\/i>\t<\/span>\n\t\t\t<\/span>\n\t<\/span>\n<\/h3>\n<div class=\"qodef-e-content\">\n\t<div class=\"qodef-e-content-inner\">\n\t\t<p>Jusqu&#039;\u00e0 29 000 \u20ac<\/p>\t<\/div>\n<\/div>\n<\/div>\n\t\t\t\t<\/div>\n\t\t\t\t<\/div>\n\t\t\t\t<\/div>\n\t\t<div class=\"elementor-element elementor-element-32f4994 e-con-full e-flex e-con e-child\" data-id=\"32f4994\" data-element_type=\"container\" data-e-type=\"container\">\n\t\t\t\t<div class=\"elementor-element elementor-element-3af2862 elementor-widget elementor-widget-image\" data-id=\"3af2862\" data-element_type=\"widget\" data-e-type=\"widget\" data-widget_type=\"image.default\">\n\t\t\t\t<div class=\"elementor-widget-container\">\n\t\t\t\t\t\t\t\t\t\t\t\t\t\t\t<img fetchpriority=\"high\" decoding=\"async\" width=\"800\" height=\"800\" src=\"https:\/\/batlle.es\/wp-content\/uploads\/2024\/11\/smartcity-1024x1024.jpg\" class=\"attachment-large size-large wp-image-4898\" alt=\"\" srcset=\"https:\/\/batlle.es\/wp-content\/uploads\/2024\/11\/smartcity-1024x1024.jpg 1024w, https:\/\/batlle.es\/wp-content\/uploads\/2024\/11\/smartcity-300x300.jpg 300w, https:\/\/batlle.es\/wp-content\/uploads\/2024\/11\/smartcity-150x150.jpg 150w, https:\/\/batlle.es\/wp-content\/uploads\/2024\/11\/smartcity-768x768.jpg 768w, https:\/\/batlle.es\/wp-content\/uploads\/2024\/11\/smartcity-1536x1536.jpg 1536w, https:\/\/batlle.es\/wp-content\/uploads\/2024\/11\/smartcity-2048x2048.jpg 2048w, https:\/\/batlle.es\/wp-content\/uploads\/2024\/11\/smartcity-12x12.jpg 12w, https:\/\/batlle.es\/wp-content\/uploads\/2024\/11\/smartcity-650x650.jpg 650w, https:\/\/batlle.es\/wp-content\/uploads\/2024\/11\/smartcity-1300x1300.jpg 1300w\" sizes=\"(max-width: 800px) 100vw, 800px\" \/>\t\t\t\t\t\t\t\t\t\t\t\t\t\t\t<\/div>\n\t\t\t\t<\/div>\n\t\t\t\t<\/div>\n\t\t\t\t<\/div>\n\t\t<div class=\"elementor-element elementor-element-36749db e-con-full e-flex e-con e-child\" data-id=\"36749db\" data-element_type=\"container\" data-e-type=\"container\">\n\t\t\t\t<div class=\"elementor-element elementor-element-fc1bb12 elementor-view-default elementor-position-block-start elementor-mobile-position-block-start elementor-widget elementor-widget-icon-box\" data-id=\"fc1bb12\" data-element_type=\"widget\" data-e-type=\"widget\" data-widget_type=\"icon-box.default\">\n\t\t\t\t<div class=\"elementor-widget-container\">\n\t\t\t\t\t\t\t<div class=\"elementor-icon-box-wrapper\">\n\n\t\t\t\t\t\t<div class=\"elementor-icon-box-icon\">\n\t\t\t\t<span  class=\"elementor-icon\">\n\t\t\t\t<i aria-hidden=\"true\" class=\"fas fa-desktop\"><\/i>\t\t\t\t<\/span>\n\t\t\t<\/div>\n\t\t\t\n\t\t\t\t\t\t<div class=\"elementor-icon-box-content\">\n\n\t\t\t\t\t\t\t\t\t<h3 class=\"elementor-icon-box-title\">\n\t\t\t\t\t\t<span  >\n\t\t\t\t\t\t\tCr\u00e9ation Internet\t\t\t\t\t\t<\/span>\n\t\t\t\t\t<\/h3>\n\t\t\t\t\n\t\t\t\t\t\t\t\t\t<p class=\"elementor-icon-box-description\">\n\t\t\t\t\t\tCr\u00e9ez ou renouvelez votre site Web. Nous sommes Agent de Digitalisation de la solution &quot;Site Web et pr\u00e9sence Internet&quot;.\t\t\t\t\t<\/p>\n\t\t\t\t\n\t\t\t<\/div>\n\t\t\t\n\t\t<\/div>\n\t\t\t\t\t\t<\/div>\n\t\t\t\t<\/div>\n\t\t\t\t<div class=\"elementor-element elementor-element-1a7a1bb elementor-view-default elementor-position-block-start elementor-mobile-position-block-start elementor-widget elementor-widget-icon-box\" data-id=\"1a7a1bb\" data-element_type=\"widget\" data-e-type=\"widget\" data-widget_type=\"icon-box.default\">\n\t\t\t\t<div class=\"elementor-widget-container\">\n\t\t\t\t\t\t\t<div class=\"elementor-icon-box-wrapper\">\n\n\t\t\t\t\t\t<div class=\"elementor-icon-box-icon\">\n\t\t\t\t<span  class=\"elementor-icon\">\n\t\t\t\t<i aria-hidden=\"true\" class=\"fas fa-rocket\"><\/i>\t\t\t\t<\/span>\n\t\t\t<\/div>\n\t\t\t\n\t\t\t\t\t\t<div class=\"elementor-icon-box-content\">\n\n\t\t\t\t\t\t\t\t\t<h3 class=\"elementor-icon-box-title\">\n\t\t\t\t\t\t<span  >\n\t\t\t\t\t\t\tPositionnement SEO\t\t\t\t\t\t<\/span>\n\t\t\t\t\t<\/h3>\n\t\t\t\t\n\t\t\t\t\t\t\t\t\t<p class=\"elementor-icon-box-description\">\n\t\t\t\t\t\tVotre site Internet, le premier dans les recherches. Nous sommes Agent de Digitalisation de la solution &quot;Pr\u00e9sence Avanc\u00e9e sur Internet&quot;.\t\t\t\t\t<\/p>\n\t\t\t\t\n\t\t\t<\/div>\n\t\t\t\n\t\t<\/div>\n\t\t\t\t\t\t<\/div>\n\t\t\t\t<\/div>\n\t\t\t\t<div class=\"elementor-element elementor-element-2cb4ad9 elementor-view-default elementor-position-block-start elementor-mobile-position-block-start elementor-widget elementor-widget-icon-box\" data-id=\"2cb4ad9\" data-element_type=\"widget\" data-e-type=\"widget\" data-widget_type=\"icon-box.default\">\n\t\t\t\t<div class=\"elementor-widget-container\">\n\t\t\t\t\t\t\t<div class=\"elementor-icon-box-wrapper\">\n\n\t\t\t\t\t\t<div class=\"elementor-icon-box-icon\">\n\t\t\t\t<span  class=\"elementor-icon\">\n\t\t\t\t<i aria-hidden=\"true\" class=\"fas fa-bullhorn\"><\/i>\t\t\t\t<\/span>\n\t\t\t<\/div>\n\t\t\t\n\t\t\t\t\t\t<div class=\"elementor-icon-box-content\">\n\n\t\t\t\t\t\t\t\t\t<h3 class=\"elementor-icon-box-title\">\n\t\t\t\t\t\t<span  >\n\t\t\t\t\t\t\tR\u00e9seaux sociaux\t\t\t\t\t\t<\/span>\n\t\t\t\t\t<\/h3>\n\t\t\t\t\n\t\t\t\t\t\t\t\t\t<p class=\"elementor-icon-box-description\">\n\t\t\t\t\t\tG\u00e9n\u00e9rez des audiences. Nous sommes Agent de Digitalisation de la solution \u00ab Gestion des R\u00e9seaux Sociaux \u00bb.\t\t\t\t\t<\/p>\n\t\t\t\t\n\t\t\t<\/div>\n\t\t\t\n\t\t<\/div>\n\t\t\t\t\t\t<\/div>\n\t\t\t\t<\/div>\n\t\t\t\t<div class=\"elementor-element elementor-element-2664ff2 elementor-view-default elementor-position-block-start elementor-mobile-position-block-start elementor-widget elementor-widget-icon-box\" data-id=\"2664ff2\" data-element_type=\"widget\" data-e-type=\"widget\" data-widget_type=\"icon-box.default\">\n\t\t\t\t<div class=\"elementor-widget-container\">\n\t\t\t\t\t\t\t<div class=\"elementor-icon-box-wrapper\">\n\n\t\t\t\t\t\t<div class=\"elementor-icon-box-icon\">\n\t\t\t\t<span  class=\"elementor-icon\">\n\t\t\t\t<i aria-hidden=\"true\" class=\"fas fa-shopping-cart\"><\/i>\t\t\t\t<\/span>\n\t\t\t<\/div>\n\t\t\t\n\t\t\t\t\t\t<div class=\"elementor-icon-box-content\">\n\n\t\t\t\t\t\t\t\t\t<h3 class=\"elementor-icon-box-title\">\n\t\t\t\t\t\t<span  >\n\t\t\t\t\t\t\tboutique en ligne\t\t\t\t\t\t<\/span>\n\t\t\t\t\t<\/h3>\n\t\t\t\t\n\t\t\t\t\t\t\t\t\t<p class=\"elementor-icon-box-description\">\n\t\t\t\t\t\tVendre sur internet. Nous sommes un agent de digitalisation de la solution \u00ab\u00a0Commerce \u00e9lectronique\u00a0\u00bb.\t\t\t\t\t<\/p>\n\t\t\t\t\n\t\t\t<\/div>\n\t\t\t\n\t\t<\/div>\n\t\t\t\t\t\t<\/div>\n\t\t\t\t<\/div>\n\t\t\t\t<\/div>\n\t\t<div class=\"elementor-element elementor-element-dd6b0f9 e-con-full e-flex e-con e-child\" data-id=\"dd6b0f9\" data-element_type=\"container\" data-e-type=\"container\">\n\t\t\t\t<div class=\"elementor-element elementor-element-518b880 elementor-widget elementor-widget-heading\" data-id=\"518b880\" data-element_type=\"widget\" data-e-type=\"widget\" data-widget_type=\"heading.default\">\n\t\t\t\t<div class=\"elementor-widget-container\">\n\t\t\t\t\t<h2 class=\"elementor-heading-title elementor-size-default\"><a href=\"#elementor-action%3Aaction%3Dpopup%3Aopen%26settings%3DeyJpZCI6IjM5NjEiLCJ0b2dnbGUiOmZhbHNlfQ%3D%3D\">Informez-vous<\/a><\/h2>\t\t\t\t<\/div>\n\t\t\t\t<\/div>\n\t\t\t\t<div class=\"elementor-element elementor-element-486214b elementor-widget elementor-widget-button\" data-id=\"486214b\" data-element_type=\"widget\" data-e-type=\"widget\" data-settings=\"{&quot;_animation&quot;:&quot;none&quot;}\" data-widget_type=\"button.default\">\n\t\t\t\t<div class=\"elementor-widget-container\">\n\t\t\t\t\t\t\t\t\t<div class=\"elementor-button-wrapper\">\n\t\t\t\t\t<a class=\"elementor-button elementor-button-link elementor-size-lg\" href=\"#elementor-action%3Aaction%3Dpopup%3Aopen%26settings%3DeyJpZCI6IjM5NjEiLCJ0b2dnbGUiOmZhbHNlfQ%3D%3D\" id=\"A1\">\n\t\t\t\t\t\t<span class=\"elementor-button-content-wrapper\">\n\t\t\t\t\t\t\t\t\t<span class=\"elementor-button-text\">Pouvons-nous parler ?<\/span>\n\t\t\t\t\t<\/span>\n\t\t\t\t\t<\/a>\n\t\t\t\t<\/div>\n\t\t\t\t\t\t\t\t<\/div>\n\t\t\t\t<\/div>\n\t\t\t\t<\/div>\n\t\t<div class=\"elementor-element elementor-element-f098772 e-con-full e-flex e-con e-child\" data-id=\"f098772\" data-element_type=\"container\" data-e-type=\"container\">\n\t\t\t\t<div class=\"elementor-element elementor-element-c121284 elementor-widget elementor-widget-image\" data-id=\"c121284\" data-element_type=\"widget\" data-e-type=\"widget\" data-widget_type=\"image.default\">\n\t\t\t\t<div class=\"elementor-widget-container\">\n\t\t\t\t\t\t\t\t\t\t\t\t\t\t\t<img decoding=\"async\" width=\"800\" height=\"76\" src=\"https:\/\/batlle.es\/wp-content\/uploads\/2024\/12\/SINBANDERA-KITDIGITAL-1024x97.png\" class=\"attachment-large size-large wp-image-5134\" alt=\"kit digital logo completo\" srcset=\"https:\/\/batlle.es\/wp-content\/uploads\/2024\/12\/SINBANDERA-KITDIGITAL-1024x97.png 1024w, https:\/\/batlle.es\/wp-content\/uploads\/2024\/12\/SINBANDERA-KITDIGITAL-300x28.png 300w, https:\/\/batlle.es\/wp-content\/uploads\/2024\/12\/SINBANDERA-KITDIGITAL-768x73.png 768w, https:\/\/batlle.es\/wp-content\/uploads\/2024\/12\/SINBANDERA-KITDIGITAL-1536x145.png 1536w, https:\/\/batlle.es\/wp-content\/uploads\/2024\/12\/SINBANDERA-KITDIGITAL-2048x194.png 2048w, https:\/\/batlle.es\/wp-content\/uploads\/2024\/12\/SINBANDERA-KITDIGITAL-18x2.png 18w\" sizes=\"(max-width: 800px) 100vw, 800px\" \/>\t\t\t\t\t\t\t\t\t\t\t\t\t\t\t<\/div>\n\t\t\t\t<\/div>\n\t\t\t\t<\/div>\n\t\t\t\t<\/div>\n\t\t\t\t\t<\/div>\n\t\t\t\t<\/div>\n\t\t\t\t<\/div>","protected":false},"excerpt":{"rendered":"<p>Kit Digital El kit digital es una soluci\u00f3n dise\u00f1ada para ayudar a las empresas a dar un paso hacia la transformaci\u00f3n digital, permitiendo optimizar su presencia en l\u00ednea, mejorar la interacci\u00f3n con sus clientes y potenciar sus operaciones comerciales. Su uso es clave para aquellos que desean destacarse en un mercado cada vez m\u00e1s digitalizado [&hellip;]<\/p>\n","protected":false},"author":1,"featured_media":0,"parent":0,"menu_order":0,"comment_status":"closed","ping_status":"closed","template":"","meta":{"footnotes":""},"class_list":["post-4825","page","type-page","status-publish","hentry"],"_links":{"self":[{"href":"https:\/\/batlle.es\/fr\/wp-json\/wp\/v2\/pages\/4825","targetHints":{"allow":["GET"]}}],"collection":[{"href":"https:\/\/batlle.es\/fr\/wp-json\/wp\/v2\/pages"}],"about":[{"href":"https:\/\/batlle.es\/fr\/wp-json\/wp\/v2\/types\/page"}],"author":[{"embeddable":true,"href":"https:\/\/batlle.es\/fr\/wp-json\/wp\/v2\/users\/1"}],"replies":[{"embeddable":true,"href":"https:\/\/batlle.es\/fr\/wp-json\/wp\/v2\/comments?post=4825"}],"version-history":[{"count":27,"href":"https:\/\/batlle.es\/fr\/wp-json\/wp\/v2\/pages\/4825\/revisions"}],"predecessor-version":[{"id":5137,"href":"https:\/\/batlle.es\/fr\/wp-json\/wp\/v2\/pages\/4825\/revisions\/5137"}],"wp:attachment":[{"href":"https:\/\/batlle.es\/fr\/wp-json\/wp\/v2\/media?parent=4825"}],"curies":[{"name":"wp","href":"https:\/\/api.w.org\/{rel}","templated":true}]}}