{"id":3244,"date":"2023-09-21T16:41:43","date_gmt":"2023-09-21T16:41:43","guid":{"rendered":"https:\/\/batlle.es\/?page_id=3244"},"modified":"2024-11-11T11:43:25","modified_gmt":"2024-11-11T11:43:25","slug":"aviso-legal-batlle-marketig-y-comunicacion","status":"publish","type":"page","link":"https:\/\/batlle.es\/fr\/aviso-legal-batlle-marketig-y-comunicacion\/","title":{"rendered":"Avis juridique"},"content":{"rendered":"<div data-elementor-type=\"wp-page\" data-elementor-id=\"3244\" class=\"elementor elementor-3244\" data-elementor-post-type=\"page\">\n\t\t\t\t<div class=\"elementor-element elementor-element-62ee9d9 e-con-full e-flex e-con e-parent\" data-id=\"62ee9d9\" data-element_type=\"container\" data-e-type=\"container\" data-settings=\"{&quot;background_background&quot;:&quot;classic&quot;}\">\n\t\t\t\t<div class=\"elementor-element elementor-element-9d60eb4 elementor-align-right elementor-invisible elementor-widget elementor-widget-button\" data-id=\"9d60eb4\" data-element_type=\"widget\" data-e-type=\"widget\" data-settings=\"{&quot;_animation&quot;:&quot;fadeInLeft&quot;}\" data-widget_type=\"button.default\">\n\t\t\t\t<div class=\"elementor-widget-container\">\n\t\t\t\t\t\t\t\t\t<div class=\"elementor-button-wrapper\">\n\t\t\t\t\t<a class=\"elementor-button elementor-size-xs\" role=\"button\">\n\t\t\t\t\t\t<span class=\"elementor-button-content-wrapper\">\n\t\t\t\t\t\t\t\t\t<span class=\"elementor-button-text\">Avis juridique<\/span>\n\t\t\t\t\t<\/span>\n\t\t\t\t\t<\/a>\n\t\t\t\t<\/div>\n\t\t\t\t\t\t\t\t<\/div>\n\t\t\t\t<\/div>\n\t\t\t\t<\/div>\n\t\t<div class=\"elementor-element elementor-element-7259ec49 e-flex e-con-boxed e-con e-parent\" data-id=\"7259ec49\" data-element_type=\"container\" data-e-type=\"container\">\n\t\t\t\t\t<div class=\"e-con-inner\">\n\t\t\t\t<div class=\"elementor-element elementor-element-10892131 elementor-widget elementor-widget-text-editor\" data-id=\"10892131\" data-element_type=\"widget\" data-e-type=\"widget\" data-widget_type=\"text-editor.default\">\n\t\t\t\t<div class=\"elementor-widget-container\">\n\t\t\t\t\t\t\t\t\t\n<p style=\"font-weight: 400;\"><strong>Propri\u00e9t\u00e9 du site Web<\/strong><\/p>\n<p style=\"font-weight: 400;\">Ce site Web, avec l&#039;adresse <a href=\"https:\/\/batlle.es\/fr\/\">www.batlle.es<\/a>, appartient \u00e0 Comp\u00e1s 1010 SL, dont l&#039;adresse est situ\u00e9e 199 rue Casanova, 08036 \u00e0 Barcelone, ci-apr\u00e8s Comp\u00e1s<\/p>\n<p style=\"font-weight: 400;\"><strong>Contenu du site Web<\/strong><\/p>\n<p style=\"font-weight: 400;\">Tout son contenu, y compris les textes, images, sons et tout autre mat\u00e9riel, est la propri\u00e9t\u00e9 de COMP\u00c1S ou des tiers qui ont autoris\u00e9 son utilisation. COMP\u00c1S se r\u00e9serve tous les droits.<\/p>\n<p style=\"font-weight: 400;\">Les informations administratives que COMP\u00c1S publie sur ce site Web ne remplacent pas le contenu des lois, dispositions g\u00e9n\u00e9rales et accords qui doivent \u00eatre formellement publi\u00e9s au DOGC et dans d&#039;autres journaux officiels, dont l&#039;\u00e9dition imprim\u00e9e est le seul instrument qui donne foi \u00e0 son l&#039;authenticit\u00e9 et son contenu.<\/p>\n<p style=\"font-weight: 400;\"><strong>Avis de non-responsabilit\u00e9 du Compas<\/strong><\/p>\n<p style=\"font-weight: 400;\">L&#039;utilisateur du site Internet est conscient et accepte volontairement que l&#039;utilisation du service s&#039;effectue, en tout \u00e9tat de cause, sous sa responsabilit\u00e9. Ainsi, et sauf dans les cas o\u00f9 la loi interdit imp\u00e9rativement toute limitation de responsabilit\u00e9, COMP\u00c1S n&#039;assume aucune responsabilit\u00e9 d\u00e9coulant des utilisations que l&#039;utilisateur fait de ce service.<\/p>\n<p style=\"font-weight: 400;\">\u00c0 titre non limitatif, COMP\u00c1S est exon\u00e9r\u00e9 de toute responsabilit\u00e9 d\u00e9coulant de\u00a0:<\/p>\n<ul style=\"font-weight: 400;\">\n<li>Aucune garantie d&#039;acc\u00e8s continu aux \u00e9l\u00e9ments et informations contenus dans ses pages web, ni de leur visualisation ou t\u00e9l\u00e9chargement corrects ou de leur utilit\u00e9.<\/li>\n<li>Tout dommage caus\u00e9 par des interf\u00e9rences, des pannes t\u00e9l\u00e9phoniques ou des d\u00e9connexions du syst\u00e8me \u00e9lectronique ou par tout autre facteur ou circonstance ind\u00e9pendante de sa volont\u00e9.<\/li>\n<li>Il ne garantit pas que son site Internet et ses serveurs soient exempts de virus et de logiciels malveillants de toute nature, et n&#039;est pas responsable des dommages caus\u00e9s par l&#039;acc\u00e8s \u00e0 son site Internet ou par l&#039;impossibilit\u00e9 d&#039;y acc\u00e9der.<\/li>\n<li>Des informations ou autres contenus tiers li\u00e9s au site Internet. De m\u00eame, il n&#039;est pas responsable des informations non contenues sur ce site Web et, par cons\u00e9quent, non pr\u00e9par\u00e9es directement par COMP\u00c1S ou par l&#039;un de ses membres autoris\u00e9s.<\/li>\n<\/ul>\n<p style=\"font-weight: 400;\">\u00a0<\/p>\n<p style=\"font-weight: 400;\"><strong>Responsabilit\u00e9 de l&#039;utilisateur<\/strong><\/p>\n<p style=\"font-weight: 400;\">COMP\u00c1S n&#039;autorise pas l&#039;utilisation du contenu de ce site Web \u00e0 des fins commerciales ou publicitaires.<\/p>\n<p style=\"font-weight: 400;\">Il ne vous autorise pas non plus \u00e0 reproduire, distribuer, transmettre, adapter ou modifier, avec quelque outil ou quelque moyen que ce soit, soit le contenu de ce site, soit sa conception.<\/p>\n<p style=\"font-weight: 400;\">Il est interdit, sauf dans les cas o\u00f9 COMP\u00c1S l&#039;autorise express\u00e9ment, de pr\u00e9senter les pages Web du site sous des cadres, signes distinctifs, marques ou autres noms sociaux ou commerciaux d&#039;une autre personne, entreprise ou entit\u00e9.<\/p>\n<p style=\"font-weight: 400;\">Les utilisateurs de ce site Web s&#039;engagent \u00e0 fournir des informations v\u00e9ridiques et exactes les concernant sur demande.<\/p>\n<p style=\"font-weight: 400;\">Politique de confidentialit\u00e9 et traitement des donn\u00e9es personnelles<\/p>\n<p style=\"font-weight: 400;\">Pour plus d&#039;informations, consultez la politique de confidentialit\u00e9.<\/p>\n<p style=\"font-weight: 400;\"><strong>Politique en mati\u00e8re de cookies<\/strong><\/p>\n<p style=\"font-weight: 400;\">Pour plus d&#039;informations, consultez la politique en mati\u00e8re de cookies.<\/p>\n<p style=\"font-weight: 400;\"><strong>Avis, loi applicable et juridiction<\/strong><\/p>\n<p style=\"font-weight: 400;\">S&#039;il existe une divergence entre les deux parties concernant l&#039;interpr\u00e9tation, le respect et les effets des pr\u00e9sentes conditions l\u00e9gales, et si un accord ou une solution accept\u00e9e par les deux parties ne peut \u00eatre trouv\u00e9e, avec renonciation expresse \u00e0 toute autre juridiction qui pourrait leur \u00eatre applicable, sous r\u00e9serve de la juridiction et la comp\u00e9tence des Cours et Tribunaux de Barcelone. Les utilisateurs acceptent le respect et le respect de ce point.<\/p>\n<p style=\"font-weight: 400;\"><strong>Modifications des conditions l\u00e9gales<\/strong><\/p>\n<p style=\"font-weight: 400;\">COMP\u00c1S se r\u00e9serve le droit de modifier les termes et conditions \u00e9tablis dans ce document \u00e0 tout moment et sans pr\u00e9avis.<\/p>\n<p style=\"font-weight: 400;\">\u00a0<\/p>\n\t\t\t\t\t\t\t\t<\/div>\n\t\t\t\t<\/div>\n\t\t\t\t\t<\/div>\n\t\t\t\t<\/div>\n\t\t\t\t<\/div>","protected":false},"excerpt":{"rendered":"<p>Aviso legal Propiedad del sitio web Este sitio web, con direcci\u00f3n www.batlle.es, es propiedad de Comp\u00e1s 1010 SL, con domicilio en la calle Casanova 199. 08036 de Barcelona, en adelante Comp\u00e1s Contenidos del sitio web Todos sus contenidos, incluyendo los textos, las im\u00e1genes, el sonido y cualquier otro material, son propiedad de COMP\u00c1S o de [&hellip;]<\/p>\n","protected":false},"author":1,"featured_media":0,"parent":0,"menu_order":0,"comment_status":"closed","ping_status":"closed","template":"","meta":{"footnotes":""},"class_list":["post-3244","page","type-page","status-publish","hentry"],"_links":{"self":[{"href":"https:\/\/batlle.es\/fr\/wp-json\/wp\/v2\/pages\/3244","targetHints":{"allow":["GET"]}}],"collection":[{"href":"https:\/\/batlle.es\/fr\/wp-json\/wp\/v2\/pages"}],"about":[{"href":"https:\/\/batlle.es\/fr\/wp-json\/wp\/v2\/types\/page"}],"author":[{"embeddable":true,"href":"https:\/\/batlle.es\/fr\/wp-json\/wp\/v2\/users\/1"}],"replies":[{"embeddable":true,"href":"https:\/\/batlle.es\/fr\/wp-json\/wp\/v2\/comments?post=3244"}],"version-history":[{"count":0,"href":"https:\/\/batlle.es\/fr\/wp-json\/wp\/v2\/pages\/3244\/revisions"}],"wp:attachment":[{"href":"https:\/\/batlle.es\/fr\/wp-json\/wp\/v2\/media?parent=3244"}],"curies":[{"name":"wp","href":"https:\/\/api.w.org\/{rel}","templated":true}]}}