{"id":3239,"date":"2023-09-21T16:38:42","date_gmt":"2023-09-21T16:38:42","guid":{"rendered":"https:\/\/batlle.es\/?page_id=3239"},"modified":"2024-11-11T11:37:25","modified_gmt":"2024-11-11T11:37:25","slug":"politica-de-cookies-batlle-marketing-digital-comunicacion","status":"publish","type":"page","link":"https:\/\/batlle.es\/fr\/politica-de-cookies-batlle-marketing-digital-comunicacion\/","title":{"rendered":"Politique en mati\u00e8re de cookies"},"content":{"rendered":"<div data-elementor-type=\"wp-page\" data-elementor-id=\"3239\" class=\"elementor elementor-3239\" data-elementor-post-type=\"page\">\n\t\t\t\t<div class=\"elementor-element elementor-element-263c802 e-con-full e-flex e-con e-parent\" data-id=\"263c802\" data-element_type=\"container\" data-e-type=\"container\" data-settings=\"{&quot;background_background&quot;:&quot;classic&quot;}\">\n\t\t\t\t<div class=\"elementor-element elementor-element-1ce9ce2 elementor-align-right elementor-invisible elementor-widget elementor-widget-button\" data-id=\"1ce9ce2\" data-element_type=\"widget\" data-e-type=\"widget\" data-settings=\"{&quot;_animation&quot;:&quot;fadeInLeft&quot;}\" data-widget_type=\"button.default\">\n\t\t\t\t<div class=\"elementor-widget-container\">\n\t\t\t\t\t\t\t\t\t<div class=\"elementor-button-wrapper\">\n\t\t\t\t\t<a class=\"elementor-button elementor-size-xs\" role=\"button\">\n\t\t\t\t\t\t<span class=\"elementor-button-content-wrapper\">\n\t\t\t\t\t\t\t\t\t<span class=\"elementor-button-text\">Politique en mati\u00e8re de cookies<\/span>\n\t\t\t\t\t<\/span>\n\t\t\t\t\t<\/a>\n\t\t\t\t<\/div>\n\t\t\t\t\t\t\t\t<\/div>\n\t\t\t\t<\/div>\n\t\t\t\t<\/div>\n\t\t<div class=\"elementor-element elementor-element-7259ec49 e-flex e-con-boxed e-con e-parent\" data-id=\"7259ec49\" data-element_type=\"container\" data-e-type=\"container\">\n\t\t\t\t\t<div class=\"e-con-inner\">\n\t\t\t\t<div class=\"elementor-element elementor-element-10892131 elementor-widget elementor-widget-text-editor\" data-id=\"10892131\" data-element_type=\"widget\" data-e-type=\"widget\" data-widget_type=\"text-editor.default\">\n\t\t\t\t<div class=\"elementor-widget-container\">\n\t\t\t\t\t\t\t\t\t\n<p style=\"font-weight: 400;\"><strong>POLITIQUE EN MATI\u00c8RE DE COOKIES<\/strong><\/p>\n<p style=\"font-weight: 400;\"><strong>Que sont les cookies ?<\/strong><\/p>\n<p style=\"font-weight: 400;\">Un cookie est un petit fichier texte stock\u00e9 dans votre navigateur lorsque vous visitez pratiquement n&#039;importe quel site Web. Son utilit\u00e9 est que le site Web puisse se souvenir de votre visite lorsque vous revenez sur cette page. Les cookies stockent g\u00e9n\u00e9ralement des informations techniques, des pr\u00e9f\u00e9rences personnelles, la personnalisation du contenu, des statistiques d&#039;utilisation, des liens vers des r\u00e9seaux sociaux, l&#039;acc\u00e8s aux comptes d&#039;utilisateurs, etc. L&#039;objectif du cookie est d&#039;adapter le contenu du site Web \u00e0 votre profil et \u00e0 vos besoins ; sans cookies, les services offerts par n&#039;importe quelle page seraient consid\u00e9rablement r\u00e9duits.<\/p>\n<p style=\"font-weight: 400;\">Selon l&#039;entit\u00e9 qui g\u00e8re le domaine \u00e0 partir duquel les cookies sont envoy\u00e9s et les donn\u00e9es obtenues sont trait\u00e9es, on peut distinguer deux types : les cookies propres et les cookies de tiers.<\/p>\n<p style=\"font-weight: 400;\">Il existe d&#039;autres classifications de cookies, en fonction de la dur\u00e9e pendant laquelle ils restent stock\u00e9s dans le navigateur du client, ainsi que de la finalit\u00e9 pour laquelle les donn\u00e9es obtenues sont trait\u00e9es.<\/p>\n<p style=\"font-weight: 400;\">Pour plus d&#039;informations, vous pouvez consulter le \u00ab Guide d&#039;utilisation des cookies \u00bb de l&#039;Agence espagnole de protection des donn\u00e9es.<\/p>\n<p style=\"font-weight: 400;\"><strong>Cookies utilis\u00e9s sur ce site<\/strong><\/p>\n<p style=\"font-weight: 400;\">Conform\u00e9ment aux directives de l&#039;Agence espagnole de protection des donn\u00e9es, nous d\u00e9taillons l&#039;utilisation de cookies effectu\u00e9e par ce site Web afin de fournir des informations aussi pr\u00e9cises que possible. Ce site Web utilise les cookies suivants :<\/p>\n<p style=\"font-weight: 400;\">Propres cookies pour le contr\u00f4le de session.<\/p>\n<p style=\"font-weight: 400;\">Cookies techniques.<\/p>\n<p style=\"font-weight: 400;\">Cookies d&#039;acceptation de la politique de cookies elle-m\u00eame, entre autres.<\/p>\n<p style=\"font-weight: 400;\"><strong>Ce site Web utilise les cookies tiers suivants :<\/strong><\/p>\n<p style=\"font-weight: 400;\">Google Analytics : stocke des cookies pour pouvoir \u00e9tablir des statistiques sur le trafic et le volume de visites sur ce site Internet. L&#039;un des outils de Google Analytics nous fournit des informations, que nous traitons statistiquement, sur la navigation sur notre site Internet et sur le type d&#039;appareil utilis\u00e9 par nos visiteurs.<\/p>\n<p style=\"font-weight: 400;\">R\u00e9seaux sociaux : Chaque r\u00e9seau social dispose de ses propres cookies afin que vous puissiez cliquer sur les boutons \u00ab j&#039;aime \u00bb ou \u00ab partager \u00bb.<\/p>\n<p>&nbsp;<\/p>\n<p style=\"font-weight: 400;\"><strong>D\u00e9sactivation ou suppression des cookies<\/strong><\/p>\n<p style=\"font-weight: 400;\">\u00c0 tout moment, vous pouvez exercer votre droit de d\u00e9sactiver ou de supprimer les cookies de ce site Internet. Ces actions sont effectu\u00e9es diff\u00e9remment selon le navigateur utilis\u00e9. Le fonctionnement \u00e9tant diff\u00e9rent dans chacun des navigateurs, nous indiquons que la fonction \u00ab Aide \u00bb vous montrera comment proc\u00e9der.<\/p>\n<p style=\"font-weight: 400;\"><strong>Acceptation de la politique de cookies<\/strong><\/p>\n<p style=\"font-weight: 400;\">En cliquant sur le bouton \u00ab Compris \u00bb, vous acceptez l&#039;utilisation des cookies.<\/p>\n<p style=\"font-weight: 400;\"><strong>Notes compl\u00e9mentaires<\/strong><\/p>\n<p style=\"font-weight: 400;\">Ni ce site Web ni ses repr\u00e9sentants l\u00e9gaux ne sont responsables du contenu ou de la v\u00e9racit\u00e9 des politiques de confidentialit\u00e9 que peuvent avoir les tiers nomm\u00e9s dans cette politique en mati\u00e8re de cookies.<\/p>\n<p style=\"font-weight: 400;\">Les navigateurs Web sont les outils charg\u00e9s de stocker les cookies et depuis ce site d&#039;exercer votre droit de les \u00e9liminer ou de les d\u00e9sactiver. Ni ce site Web ni ses repr\u00e9sentants l\u00e9gaux ne peuvent garantir le traitement correct ou incorrect des cookies par les navigateurs mentionn\u00e9s.<\/p>\n<p style=\"font-weight: 400;\">Pour plus d&#039;informations sur la mani\u00e8re dont Google utilise les cookies, consultez\u00a0<a href=\"https:\/\/support.google.com\/analytics\/answer\/6004245\" target=\"_blank\" rel=\"noopener\">ce lien<\/a>.<\/p>\n<p style=\"font-weight: 400;\">\u00a0<\/p>\n<p style=\"font-weight: 400;\">\u00a0<\/p>\n<div class= \"cky-audit-table-element\"><\/div>\n\t\t\t\t\t\t\t\t<\/div>\n\t\t\t\t<\/div>\n\t\t\t\t\t<\/div>\n\t\t\t\t<\/div>\n\t\t\t\t<\/div>","protected":false},"excerpt":{"rendered":"<p>Pol\u00edtica de cookies POL\u00cdTICA DE COOKIES \u00bfQu\u00e9 son las cookies? Una cookie es un peque\u00f1o fichero de texto que se almacena en su navegador cuando visita pr\u00e1cticamente cualquier p\u00e1gina web. Su utilidad es que la web sea capaz de recordar su visita cuando vuelva a navegar en esta p\u00e1gina. Las cookies suelen almacenar informaci\u00f3n de [&hellip;]<\/p>\n","protected":false},"author":1,"featured_media":0,"parent":0,"menu_order":0,"comment_status":"closed","ping_status":"closed","template":"","meta":{"footnotes":""},"class_list":["post-3239","page","type-page","status-publish","hentry"],"_links":{"self":[{"href":"https:\/\/batlle.es\/fr\/wp-json\/wp\/v2\/pages\/3239","targetHints":{"allow":["GET"]}}],"collection":[{"href":"https:\/\/batlle.es\/fr\/wp-json\/wp\/v2\/pages"}],"about":[{"href":"https:\/\/batlle.es\/fr\/wp-json\/wp\/v2\/types\/page"}],"author":[{"embeddable":true,"href":"https:\/\/batlle.es\/fr\/wp-json\/wp\/v2\/users\/1"}],"replies":[{"embeddable":true,"href":"https:\/\/batlle.es\/fr\/wp-json\/wp\/v2\/comments?post=3239"}],"version-history":[{"count":0,"href":"https:\/\/batlle.es\/fr\/wp-json\/wp\/v2\/pages\/3239\/revisions"}],"wp:attachment":[{"href":"https:\/\/batlle.es\/fr\/wp-json\/wp\/v2\/media?parent=3239"}],"curies":[{"name":"wp","href":"https:\/\/api.w.org\/{rel}","templated":true}]}}