{"id":4825,"date":"2024-11-07T09:03:16","date_gmt":"2024-11-07T09:03:16","guid":{"rendered":"https:\/\/batlle.es\/?page_id=4825"},"modified":"2024-12-02T11:16:42","modified_gmt":"2024-12-02T11:16:42","slug":"ayuda-kit-digital-tu-web-y-posicionamiento-gratis","status":"publish","type":"page","link":"https:\/\/batlle.es\/en\/ayuda-kit-digital-tu-web-y-posicionamiento-gratis\/","title":{"rendered":"Digital Kit"},"content":{"rendered":"<div data-elementor-type=\"wp-page\" data-elementor-id=\"4825\" class=\"elementor elementor-4825\" data-elementor-post-type=\"page\">\n\t\t\t\t<div class=\"elementor-element elementor-element-6c08a42 e-con-full e-flex e-con e-parent\" data-id=\"6c08a42\" data-element_type=\"container\" data-e-type=\"container\" data-settings=\"{&quot;background_background&quot;:&quot;video&quot;,&quot;background_video_link&quot;:&quot;https:\\\/\\\/batlle.es\\\/videos\\\/cohete.mp4&quot;,&quot;background_video_start&quot;:0,&quot;background_play_on_mobile&quot;:&quot;yes&quot;}\">\n\t\t<div class=\"elementor-background-video-container\">\n\t\t\t\t\t\t\t<video class=\"elementor-background-video-hosted\" role=\"presentation\" autoplay muted playsinline loop><\/video>\n\t\t\t\t\t<\/div>\t\t<div class=\"elementor-element elementor-element-cc08126 elementor-align-right elementor-invisible elementor-widget elementor-widget-button\" data-id=\"cc08126\" data-element_type=\"widget\" data-e-type=\"widget\" data-settings=\"{&quot;_animation&quot;:&quot;fadeInLeft&quot;}\" data-widget_type=\"button.default\">\n\t\t\t\t<div class=\"elementor-widget-container\">\n\t\t\t\t\t\t\t\t\t<div class=\"elementor-button-wrapper\">\n\t\t\t\t\t<a class=\"elementor-button elementor-size-xs\" role=\"button\">\n\t\t\t\t\t\t<span class=\"elementor-button-content-wrapper\">\n\t\t\t\t\t\t\t\t\t<span class=\"elementor-button-text\">Digital Kit<\/span>\n\t\t\t\t\t<\/span>\n\t\t\t\t\t<\/a>\n\t\t\t\t<\/div>\n\t\t\t\t\t\t\t\t<\/div>\n\t\t\t\t<\/div>\n\t\t\t\t<\/div>\n\t\t<div class=\"elementor-element elementor-element-63b9229 e-flex e-con-boxed e-con e-parent\" data-id=\"63b9229\" data-element_type=\"container\" data-e-type=\"container\" data-settings=\"{&quot;background_background&quot;:&quot;classic&quot;}\">\n\t\t\t\t\t<div class=\"e-con-inner\">\n\t\t\t\t<div class=\"elementor-element elementor-element-42c2769 elementor-widget elementor-widget-text-editor\" data-id=\"42c2769\" data-element_type=\"widget\" data-e-type=\"widget\" data-widget_type=\"text-editor.default\">\n\t\t\t\t<div class=\"elementor-widget-container\">\n\t\t\t\t\t\t\t\t\t<div style=\"display: none;\">\n  The digital kit is a solution designed to help companies take a step towards digital transformation, allowing them to optimize their online presence, improve interaction with their customers and enhance their business operations. Its use is key for those who want to stand out in an increasingly digitalized and competitive market. Here we tell you some of the main advantages you can obtain by implementing the digital kit for the creation of web pages, ecommerce, optimization of positioning and management of social networks. 1. Creation of efficient and personalized web pages and ecommerce: The digital kit facilitates the creation of professional web pages and online stores adapted to the needs of each business. This includes an attractive and functional design, aimed at improving the user experience, as well as personalized features that reflect the brand identity. With a well-designed web page, you not only manage to attract and capture the attention of visitors, but you also turn their visit into a positive experience, which increases the chances of conversion and loyalty. 2. Greater visibility with advanced SEO strategies: Having a website or ecommerce is not enough if you are not visible to your target audience. The digital kit offers tools and strategies to optimize search engine positioning (SEO), which ensures that your page is easier to find. By improving your visibility, you increase organic traffic and, therefore, the opportunities to generate sales. SEO tactics include everything from keyword optimization to improving the site&#039;s loading speed, ensuring that industry best practices are met. 3. Effective social media management: Nowadays, having an active presence on social media is vital to building a strong brand that connects with its audience. With the digital kit, it is possible to comprehensively manage your company&#039;s social media profiles, allowing you to create attractive and relevant content, respond to user interactions, and maintain a coherent communication strategy. Good network management generates engagement, strengthens customer relationships, and increases the reach of your message, growing your digital community. 4. Increased business competitiveness and adaptability: Digitalization is no longer an option, but a necessity for any company that wants to stay relevant. The digital kit provides technological tools that improve the competitiveness of your business, optimizing resources and allowing you to adapt to market changes. From an online store that can sell 24\/7 to effective digital marketing campaigns, each feature of the kit is designed to maximize the impact of your business in the digital environment. 5. Saving time and resources with integrated solutions: Finally, the digital kit offers integrated solutions that save time and resources. From the creation of your website to campaign management and results analysis, having everything in one place simplifies processes and improves operational efficiency. Investing in these tools is key for companies, regardless of their size, to be able to compete on equal terms and grow in the digital world.\n<\/div>\t\t\t\t\t\t\t\t<\/div>\n\t\t\t\t<\/div>\n\t\t<div class=\"elementor-element elementor-element-833f921 e-con-full e-flex elementor-invisible e-con e-child\" data-id=\"833f921\" data-element_type=\"container\" data-e-type=\"container\" data-settings=\"{&quot;background_background&quot;:&quot;classic&quot;,&quot;animation&quot;:&quot;fadeIn&quot;,&quot;animation_delay&quot;:1000}\">\n\t\t\t\t<div class=\"elementor-element elementor-element-1027898 elementor-widget elementor-widget-image\" data-id=\"1027898\" data-element_type=\"widget\" data-e-type=\"widget\" data-widget_type=\"image.default\">\n\t\t\t\t<div class=\"elementor-widget-container\">\n\t\t\t\t\t\t\t\t\t\t\t\t\t\t\t<img decoding=\"async\" width=\"213\" height=\"58\" src=\"https:\/\/batlle.es\/wp-content\/uploads\/2024\/11\/Group-17.png\" class=\"attachment-large size-large wp-image-4830\" alt=\"kit digital logo\" srcset=\"https:\/\/batlle.es\/wp-content\/uploads\/2024\/11\/Group-17.png 213w, https:\/\/batlle.es\/wp-content\/uploads\/2024\/11\/Group-17-18x5.png 18w\" sizes=\"(max-width: 213px) 100vw, 213px\" \/>\t\t\t\t\t\t\t\t\t\t\t\t\t\t\t<\/div>\n\t\t\t\t<\/div>\n\t\t<div class=\"elementor-element elementor-element-650fff2 e-flex e-con-boxed e-con e-child\" data-id=\"650fff2\" data-element_type=\"container\" data-e-type=\"container\">\n\t\t\t\t\t<div class=\"e-con-inner\">\n\t\t\t\t<div class=\"elementor-element elementor-element-7078af2 elementor-widget elementor-widget-text-editor\" data-id=\"7078af2\" data-element_type=\"widget\" data-e-type=\"widget\" data-widget_type=\"text-editor.default\">\n\t\t\t\t<div class=\"elementor-widget-container\">\n\t\t\t\t\t\t\t\t\t<p>With the digital kit you can obtain up to \u20ac29,000 in aid from the European Next Generation funds.<\/p><p>Whether you are self-employed, a micro-business or an SME, your website, its positioning and the management of your social networks can be free depending on the type of aid that corresponds to you.<\/p><p>At Batlle we are <strong>digitizing agents, approved<\/strong> by the State, which is why we manage and provide direct aid.<\/p><p>The deadline to apply for the digital kit has been extended until December 31, 2025<\/p><p>These grants are distributed based on the number of employees in your company:<\/p>\t\t\t\t\t\t\t\t<\/div>\n\t\t\t\t<\/div>\n\t\t\t\t<div class=\"elementor-element elementor-element-4ca9024 elementor-widget elementor-widget-heading\" data-id=\"4ca9024\" data-element_type=\"widget\" data-e-type=\"widget\" data-widget_type=\"heading.default\">\n\t\t\t\t<div class=\"elementor-widget-container\">\n\t\t\t\t\t<h2 class=\"elementor-heading-title elementor-size-default\">Beneficiary Segment - Digital Kit Amounts<\/h2>\t\t\t\t<\/div>\n\t\t\t\t<\/div>\n\t\t\t\t\t<\/div>\n\t\t\t\t<\/div>\n\t\t<div class=\"elementor-element elementor-element-c185fb1 e-con-full e-flex e-con e-child\" data-id=\"c185fb1\" data-element_type=\"container\" data-e-type=\"container\">\n\t\t<div class=\"elementor-element elementor-element-0c6a0d2 e-con-full e-flex e-con e-child\" data-id=\"0c6a0d2\" data-element_type=\"container\" data-e-type=\"container\">\n\t\t\t\t<div class=\"elementor-element elementor-element-016ddcb elementor-widget elementor-widget-qi_addons_for_elementor_accordion\" data-id=\"016ddcb\" data-element_type=\"widget\" data-e-type=\"widget\" data-widget_type=\"qi_addons_for_elementor_accordion.default\">\n\t\t\t\t<div class=\"elementor-widget-container\">\n\t\t\t\t\t<div class=\"qodef-shortcode qodef-m qodef-qi-accordion qodef-qi-clear qodef-behavior--toggle qodef-layout--simple qodef-style--border-top\">\n\t<h3 class=\"qodef-e-title-holder\">\n\t<span class=\"qodef-e-title\">Between 0 and 3 employees<\/span>\n\t<span class=\"qodef-e-mark\">\n\t\t<span class=\"qodef-icon--plus\">\n\t\t\t\t<span class=\"qodef-e-icon\">\n\t\t<i aria-hidden=\"true\" class=\"fas fa-plus\"><\/i>\t<\/span>\n\t\t\t<\/span>\n\t\t<span class=\"qodef-icon--minus\">\n\t\t\t\t<span class=\"qodef-e-icon\">\n\t\t<i aria-hidden=\"true\" class=\"fas fa-minus\"><\/i>\t<\/span>\n\t\t\t<\/span>\n\t<\/span>\n<\/h3>\n<div class=\"qodef-e-content\">\n\t<div class=\"qodef-e-content-inner\">\n\t\t<p>Up to \u20ac3,000<\/p>\t<\/div>\n<\/div>\n<h3 class=\"qodef-e-title-holder\">\n\t<span class=\"qodef-e-title\">Between 3 and 10 employees<\/span>\n\t<span class=\"qodef-e-mark\">\n\t\t<span class=\"qodef-icon--plus\">\n\t\t\t\t<span class=\"qodef-e-icon\">\n\t\t<i aria-hidden=\"true\" class=\"fas fa-plus\"><\/i>\t<\/span>\n\t\t\t<\/span>\n\t\t<span class=\"qodef-icon--minus\">\n\t\t\t\t<span class=\"qodef-e-icon\">\n\t\t<i aria-hidden=\"true\" class=\"fas fa-minus\"><\/i>\t<\/span>\n\t\t\t<\/span>\n\t<\/span>\n<\/h3>\n<div class=\"qodef-e-content\">\n\t<div class=\"qodef-e-content-inner\">\n\t\t<p>Up to \u20ac6,000<\/p>\t<\/div>\n<\/div>\n<h3 class=\"qodef-e-title-holder\">\n\t<span class=\"qodef-e-title\">Between 10 and 50 employees<\/span>\n\t<span class=\"qodef-e-mark\">\n\t\t<span class=\"qodef-icon--plus\">\n\t\t\t\t<span class=\"qodef-e-icon\">\n\t\t<i aria-hidden=\"true\" class=\"fas fa-plus\"><\/i>\t<\/span>\n\t\t\t<\/span>\n\t\t<span class=\"qodef-icon--minus\">\n\t\t\t\t<span class=\"qodef-e-icon\">\n\t\t<i aria-hidden=\"true\" class=\"fas fa-minus\"><\/i>\t<\/span>\n\t\t\t<\/span>\n\t<\/span>\n<\/h3>\n<div class=\"qodef-e-content\">\n\t<div class=\"qodef-e-content-inner\">\n\t\t<p>Up to \u20ac12,000<\/p>\t<\/div>\n<\/div>\n<h3 class=\"qodef-e-title-holder\">\n\t<span class=\"qodef-e-title\">Between 50 and 100 employees<\/span>\n\t<span class=\"qodef-e-mark\">\n\t\t<span class=\"qodef-icon--plus\">\n\t\t\t\t<span class=\"qodef-e-icon\">\n\t\t<i aria-hidden=\"true\" class=\"fas fa-plus\"><\/i>\t<\/span>\n\t\t\t<\/span>\n\t\t<span class=\"qodef-icon--minus\">\n\t\t\t\t<span class=\"qodef-e-icon\">\n\t\t<i aria-hidden=\"true\" class=\"fas fa-minus\"><\/i>\t<\/span>\n\t\t\t<\/span>\n\t<\/span>\n<\/h3>\n<div class=\"qodef-e-content\">\n\t<div class=\"qodef-e-content-inner\">\n\t\t<p>Up to \u20ac25,000<\/p>\t<\/div>\n<\/div>\n<h3 class=\"qodef-e-title-holder\">\n\t<span class=\"qodef-e-title\">Between 100 and 250 employees<\/span>\n\t<span class=\"qodef-e-mark\">\n\t\t<span class=\"qodef-icon--plus\">\n\t\t\t\t<span class=\"qodef-e-icon\">\n\t\t<i aria-hidden=\"true\" class=\"fas fa-plus\"><\/i>\t<\/span>\n\t\t\t<\/span>\n\t\t<span class=\"qodef-icon--minus\">\n\t\t\t\t<span class=\"qodef-e-icon\">\n\t\t<i aria-hidden=\"true\" class=\"fas fa-minus\"><\/i>\t<\/span>\n\t\t\t<\/span>\n\t<\/span>\n<\/h3>\n<div class=\"qodef-e-content\">\n\t<div class=\"qodef-e-content-inner\">\n\t\t<p>Up to \u20ac29,000<\/p>\t<\/div>\n<\/div>\n<\/div>\n\t\t\t\t<\/div>\n\t\t\t\t<\/div>\n\t\t\t\t<\/div>\n\t\t<div class=\"elementor-element elementor-element-32f4994 e-con-full e-flex e-con e-child\" data-id=\"32f4994\" data-element_type=\"container\" data-e-type=\"container\">\n\t\t\t\t<div class=\"elementor-element elementor-element-3af2862 elementor-widget elementor-widget-image\" data-id=\"3af2862\" data-element_type=\"widget\" data-e-type=\"widget\" data-widget_type=\"image.default\">\n\t\t\t\t<div class=\"elementor-widget-container\">\n\t\t\t\t\t\t\t\t\t\t\t\t\t\t\t<img fetchpriority=\"high\" decoding=\"async\" width=\"800\" height=\"800\" src=\"https:\/\/batlle.es\/wp-content\/uploads\/2024\/11\/smartcity-1024x1024.jpg\" class=\"attachment-large size-large wp-image-4898\" alt=\"\" srcset=\"https:\/\/batlle.es\/wp-content\/uploads\/2024\/11\/smartcity-1024x1024.jpg 1024w, https:\/\/batlle.es\/wp-content\/uploads\/2024\/11\/smartcity-300x300.jpg 300w, https:\/\/batlle.es\/wp-content\/uploads\/2024\/11\/smartcity-150x150.jpg 150w, https:\/\/batlle.es\/wp-content\/uploads\/2024\/11\/smartcity-768x768.jpg 768w, https:\/\/batlle.es\/wp-content\/uploads\/2024\/11\/smartcity-1536x1536.jpg 1536w, https:\/\/batlle.es\/wp-content\/uploads\/2024\/11\/smartcity-2048x2048.jpg 2048w, https:\/\/batlle.es\/wp-content\/uploads\/2024\/11\/smartcity-12x12.jpg 12w, https:\/\/batlle.es\/wp-content\/uploads\/2024\/11\/smartcity-650x650.jpg 650w, https:\/\/batlle.es\/wp-content\/uploads\/2024\/11\/smartcity-1300x1300.jpg 1300w\" sizes=\"(max-width: 800px) 100vw, 800px\" \/>\t\t\t\t\t\t\t\t\t\t\t\t\t\t\t<\/div>\n\t\t\t\t<\/div>\n\t\t\t\t<\/div>\n\t\t\t\t<\/div>\n\t\t<div class=\"elementor-element elementor-element-36749db e-con-full e-flex e-con e-child\" data-id=\"36749db\" data-element_type=\"container\" data-e-type=\"container\">\n\t\t\t\t<div class=\"elementor-element elementor-element-fc1bb12 elementor-view-default elementor-position-block-start elementor-mobile-position-block-start elementor-widget elementor-widget-icon-box\" data-id=\"fc1bb12\" data-element_type=\"widget\" data-e-type=\"widget\" data-widget_type=\"icon-box.default\">\n\t\t\t\t<div class=\"elementor-widget-container\">\n\t\t\t\t\t\t\t<div class=\"elementor-icon-box-wrapper\">\n\n\t\t\t\t\t\t<div class=\"elementor-icon-box-icon\">\n\t\t\t\t<span  class=\"elementor-icon\">\n\t\t\t\t<i aria-hidden=\"true\" class=\"fas fa-desktop\"><\/i>\t\t\t\t<\/span>\n\t\t\t<\/div>\n\t\t\t\n\t\t\t\t\t\t<div class=\"elementor-icon-box-content\">\n\n\t\t\t\t\t\t\t\t\t<h3 class=\"elementor-icon-box-title\">\n\t\t\t\t\t\t<span  >\n\t\t\t\t\t\t\tWeb creation\t\t\t\t\t\t<\/span>\n\t\t\t\t\t<\/h3>\n\t\t\t\t\n\t\t\t\t\t\t\t\t\t<p class=\"elementor-icon-box-description\">\n\t\t\t\t\t\tCreate or renew your website. We are a Digital Agent for the &quot;Website and Internet Presence&quot; solution.\t\t\t\t\t<\/p>\n\t\t\t\t\n\t\t\t<\/div>\n\t\t\t\n\t\t<\/div>\n\t\t\t\t\t\t<\/div>\n\t\t\t\t<\/div>\n\t\t\t\t<div class=\"elementor-element elementor-element-1a7a1bb elementor-view-default elementor-position-block-start elementor-mobile-position-block-start elementor-widget elementor-widget-icon-box\" data-id=\"1a7a1bb\" data-element_type=\"widget\" data-e-type=\"widget\" data-widget_type=\"icon-box.default\">\n\t\t\t\t<div class=\"elementor-widget-container\">\n\t\t\t\t\t\t\t<div class=\"elementor-icon-box-wrapper\">\n\n\t\t\t\t\t\t<div class=\"elementor-icon-box-icon\">\n\t\t\t\t<span  class=\"elementor-icon\">\n\t\t\t\t<i aria-hidden=\"true\" class=\"fas fa-rocket\"><\/i>\t\t\t\t<\/span>\n\t\t\t<\/div>\n\t\t\t\n\t\t\t\t\t\t<div class=\"elementor-icon-box-content\">\n\n\t\t\t\t\t\t\t\t\t<h3 class=\"elementor-icon-box-title\">\n\t\t\t\t\t\t<span  >\n\t\t\t\t\t\t\tSEO positioning\t\t\t\t\t\t<\/span>\n\t\t\t\t\t<\/h3>\n\t\t\t\t\n\t\t\t\t\t\t\t\t\t<p class=\"elementor-icon-box-description\">\n\t\t\t\t\t\tYour website, the first in searches. We are a Digital Agent for the solution, &quot;Advanced presence on the Internet&quot;.\t\t\t\t\t<\/p>\n\t\t\t\t\n\t\t\t<\/div>\n\t\t\t\n\t\t<\/div>\n\t\t\t\t\t\t<\/div>\n\t\t\t\t<\/div>\n\t\t\t\t<div class=\"elementor-element elementor-element-2cb4ad9 elementor-view-default elementor-position-block-start elementor-mobile-position-block-start elementor-widget elementor-widget-icon-box\" data-id=\"2cb4ad9\" data-element_type=\"widget\" data-e-type=\"widget\" data-widget_type=\"icon-box.default\">\n\t\t\t\t<div class=\"elementor-widget-container\">\n\t\t\t\t\t\t\t<div class=\"elementor-icon-box-wrapper\">\n\n\t\t\t\t\t\t<div class=\"elementor-icon-box-icon\">\n\t\t\t\t<span  class=\"elementor-icon\">\n\t\t\t\t<i aria-hidden=\"true\" class=\"fas fa-bullhorn\"><\/i>\t\t\t\t<\/span>\n\t\t\t<\/div>\n\t\t\t\n\t\t\t\t\t\t<div class=\"elementor-icon-box-content\">\n\n\t\t\t\t\t\t\t\t\t<h3 class=\"elementor-icon-box-title\">\n\t\t\t\t\t\t<span  >\n\t\t\t\t\t\t\tSocial Networking\t\t\t\t\t\t<\/span>\n\t\t\t\t\t<\/h3>\n\t\t\t\t\n\t\t\t\t\t\t\t\t\t<p class=\"elementor-icon-box-description\">\n\t\t\t\t\t\tGenerate audiences. We are a Digital Agent for the &quot;Social Media Management&quot; solution.\t\t\t\t\t<\/p>\n\t\t\t\t\n\t\t\t<\/div>\n\t\t\t\n\t\t<\/div>\n\t\t\t\t\t\t<\/div>\n\t\t\t\t<\/div>\n\t\t\t\t<div class=\"elementor-element elementor-element-2664ff2 elementor-view-default elementor-position-block-start elementor-mobile-position-block-start elementor-widget elementor-widget-icon-box\" data-id=\"2664ff2\" data-element_type=\"widget\" data-e-type=\"widget\" data-widget_type=\"icon-box.default\">\n\t\t\t\t<div class=\"elementor-widget-container\">\n\t\t\t\t\t\t\t<div class=\"elementor-icon-box-wrapper\">\n\n\t\t\t\t\t\t<div class=\"elementor-icon-box-icon\">\n\t\t\t\t<span  class=\"elementor-icon\">\n\t\t\t\t<i aria-hidden=\"true\" class=\"fas fa-shopping-cart\"><\/i>\t\t\t\t<\/span>\n\t\t\t<\/div>\n\t\t\t\n\t\t\t\t\t\t<div class=\"elementor-icon-box-content\">\n\n\t\t\t\t\t\t\t\t\t<h3 class=\"elementor-icon-box-title\">\n\t\t\t\t\t\t<span  >\n\t\t\t\t\t\t\tOnline store\t\t\t\t\t\t<\/span>\n\t\t\t\t\t<\/h3>\n\t\t\t\t\n\t\t\t\t\t\t\t\t\t<p class=\"elementor-icon-box-description\">\n\t\t\t\t\t\tSell online. We are a Digital Agent for the &quot;Electronic Commerce&quot; solution.\t\t\t\t\t<\/p>\n\t\t\t\t\n\t\t\t<\/div>\n\t\t\t\n\t\t<\/div>\n\t\t\t\t\t\t<\/div>\n\t\t\t\t<\/div>\n\t\t\t\t<\/div>\n\t\t<div class=\"elementor-element elementor-element-dd6b0f9 e-con-full e-flex e-con e-child\" data-id=\"dd6b0f9\" data-element_type=\"container\" data-e-type=\"container\">\n\t\t\t\t<div class=\"elementor-element elementor-element-518b880 elementor-widget elementor-widget-heading\" data-id=\"518b880\" data-element_type=\"widget\" data-e-type=\"widget\" data-widget_type=\"heading.default\">\n\t\t\t\t<div class=\"elementor-widget-container\">\n\t\t\t\t\t<h2 class=\"elementor-heading-title elementor-size-default\"><a href=\"#elementor-action%3Aaction%3Dpopup%3Aopen%26settings%3DeyJpZCI6IjM5NjEiLCJ0b2dnbGUiOmZhbHNlfQ%3D%3D\">Get informed<\/a><\/h2>\t\t\t\t<\/div>\n\t\t\t\t<\/div>\n\t\t\t\t<div class=\"elementor-element elementor-element-486214b elementor-widget elementor-widget-button\" data-id=\"486214b\" data-element_type=\"widget\" data-e-type=\"widget\" data-settings=\"{&quot;_animation&quot;:&quot;none&quot;}\" data-widget_type=\"button.default\">\n\t\t\t\t<div class=\"elementor-widget-container\">\n\t\t\t\t\t\t\t\t\t<div class=\"elementor-button-wrapper\">\n\t\t\t\t\t<a class=\"elementor-button elementor-button-link elementor-size-lg\" href=\"#elementor-action%3Aaction%3Dpopup%3Aopen%26settings%3DeyJpZCI6IjM5NjEiLCJ0b2dnbGUiOmZhbHNlfQ%3D%3D\" id=\"A1\">\n\t\t\t\t\t\t<span class=\"elementor-button-content-wrapper\">\n\t\t\t\t\t\t\t\t\t<span class=\"elementor-button-text\">Shall we talk?<\/span>\n\t\t\t\t\t<\/span>\n\t\t\t\t\t<\/a>\n\t\t\t\t<\/div>\n\t\t\t\t\t\t\t\t<\/div>\n\t\t\t\t<\/div>\n\t\t\t\t<\/div>\n\t\t<div class=\"elementor-element elementor-element-f098772 e-con-full e-flex e-con e-child\" data-id=\"f098772\" data-element_type=\"container\" data-e-type=\"container\">\n\t\t\t\t<div class=\"elementor-element elementor-element-c121284 elementor-widget elementor-widget-image\" data-id=\"c121284\" data-element_type=\"widget\" data-e-type=\"widget\" data-widget_type=\"image.default\">\n\t\t\t\t<div class=\"elementor-widget-container\">\n\t\t\t\t\t\t\t\t\t\t\t\t\t\t\t<img decoding=\"async\" width=\"800\" height=\"76\" src=\"https:\/\/batlle.es\/wp-content\/uploads\/2024\/12\/SINBANDERA-KITDIGITAL-1024x97.png\" class=\"attachment-large size-large wp-image-5134\" alt=\"kit digital logo completo\" srcset=\"https:\/\/batlle.es\/wp-content\/uploads\/2024\/12\/SINBANDERA-KITDIGITAL-1024x97.png 1024w, https:\/\/batlle.es\/wp-content\/uploads\/2024\/12\/SINBANDERA-KITDIGITAL-300x28.png 300w, https:\/\/batlle.es\/wp-content\/uploads\/2024\/12\/SINBANDERA-KITDIGITAL-768x73.png 768w, https:\/\/batlle.es\/wp-content\/uploads\/2024\/12\/SINBANDERA-KITDIGITAL-1536x145.png 1536w, https:\/\/batlle.es\/wp-content\/uploads\/2024\/12\/SINBANDERA-KITDIGITAL-2048x194.png 2048w, https:\/\/batlle.es\/wp-content\/uploads\/2024\/12\/SINBANDERA-KITDIGITAL-18x2.png 18w\" sizes=\"(max-width: 800px) 100vw, 800px\" \/>\t\t\t\t\t\t\t\t\t\t\t\t\t\t\t<\/div>\n\t\t\t\t<\/div>\n\t\t\t\t<\/div>\n\t\t\t\t<\/div>\n\t\t\t\t\t<\/div>\n\t\t\t\t<\/div>\n\t\t\t\t<\/div>","protected":false},"excerpt":{"rendered":"<p>Kit Digital El kit digital es una soluci\u00f3n dise\u00f1ada para ayudar a las empresas a dar un paso hacia la transformaci\u00f3n digital, permitiendo optimizar su presencia en l\u00ednea, mejorar la interacci\u00f3n con sus clientes y potenciar sus operaciones comerciales. Su uso es clave para aquellos que desean destacarse en un mercado cada vez m\u00e1s digitalizado [&hellip;]<\/p>\n","protected":false},"author":1,"featured_media":0,"parent":0,"menu_order":0,"comment_status":"closed","ping_status":"closed","template":"","meta":{"footnotes":""},"class_list":["post-4825","page","type-page","status-publish","hentry"],"_links":{"self":[{"href":"https:\/\/batlle.es\/en\/wp-json\/wp\/v2\/pages\/4825","targetHints":{"allow":["GET"]}}],"collection":[{"href":"https:\/\/batlle.es\/en\/wp-json\/wp\/v2\/pages"}],"about":[{"href":"https:\/\/batlle.es\/en\/wp-json\/wp\/v2\/types\/page"}],"author":[{"embeddable":true,"href":"https:\/\/batlle.es\/en\/wp-json\/wp\/v2\/users\/1"}],"replies":[{"embeddable":true,"href":"https:\/\/batlle.es\/en\/wp-json\/wp\/v2\/comments?post=4825"}],"version-history":[{"count":27,"href":"https:\/\/batlle.es\/en\/wp-json\/wp\/v2\/pages\/4825\/revisions"}],"predecessor-version":[{"id":5137,"href":"https:\/\/batlle.es\/en\/wp-json\/wp\/v2\/pages\/4825\/revisions\/5137"}],"wp:attachment":[{"href":"https:\/\/batlle.es\/en\/wp-json\/wp\/v2\/media?parent=4825"}],"curies":[{"name":"wp","href":"https:\/\/api.w.org\/{rel}","templated":true}]}}