{"id":3244,"date":"2023-09-21T16:41:43","date_gmt":"2023-09-21T16:41:43","guid":{"rendered":"https:\/\/batlle.es\/?page_id=3244"},"modified":"2024-11-11T11:43:25","modified_gmt":"2024-11-11T11:43:25","slug":"aviso-legal-batlle-marketig-y-comunicacion","status":"publish","type":"page","link":"https:\/\/batlle.es\/en\/aviso-legal-batlle-marketig-y-comunicacion\/","title":{"rendered":"Legal notice"},"content":{"rendered":"<div data-elementor-type=\"wp-page\" data-elementor-id=\"3244\" class=\"elementor elementor-3244\" data-elementor-post-type=\"page\">\n\t\t\t\t<div class=\"elementor-element elementor-element-62ee9d9 e-con-full e-flex e-con e-parent\" data-id=\"62ee9d9\" data-element_type=\"container\" data-e-type=\"container\" data-settings=\"{&quot;background_background&quot;:&quot;classic&quot;}\">\n\t\t\t\t<div class=\"elementor-element elementor-element-9d60eb4 elementor-align-right elementor-invisible elementor-widget elementor-widget-button\" data-id=\"9d60eb4\" data-element_type=\"widget\" data-e-type=\"widget\" data-settings=\"{&quot;_animation&quot;:&quot;fadeInLeft&quot;}\" data-widget_type=\"button.default\">\n\t\t\t\t<div class=\"elementor-widget-container\">\n\t\t\t\t\t\t\t\t\t<div class=\"elementor-button-wrapper\">\n\t\t\t\t\t<a class=\"elementor-button elementor-size-xs\" role=\"button\">\n\t\t\t\t\t\t<span class=\"elementor-button-content-wrapper\">\n\t\t\t\t\t\t\t\t\t<span class=\"elementor-button-text\">Legal notice<\/span>\n\t\t\t\t\t<\/span>\n\t\t\t\t\t<\/a>\n\t\t\t\t<\/div>\n\t\t\t\t\t\t\t\t<\/div>\n\t\t\t\t<\/div>\n\t\t\t\t<\/div>\n\t\t<div class=\"elementor-element elementor-element-7259ec49 e-flex e-con-boxed e-con e-parent\" data-id=\"7259ec49\" data-element_type=\"container\" data-e-type=\"container\">\n\t\t\t\t\t<div class=\"e-con-inner\">\n\t\t\t\t<div class=\"elementor-element elementor-element-10892131 elementor-widget elementor-widget-text-editor\" data-id=\"10892131\" data-element_type=\"widget\" data-e-type=\"widget\" data-widget_type=\"text-editor.default\">\n\t\t\t\t<div class=\"elementor-widget-container\">\n\t\t\t\t\t\t\t\t\t\n<p style=\"font-weight: 400;\"><strong>Website Ownership<\/strong><\/p>\n<p style=\"font-weight: 400;\">This website, with address <a href=\"https:\/\/batlle.es\/en\/\">www.batlle.es<\/a>, is the property of Comp\u00e1s 1010 SL, with registered office at Casanova 199. 08036 Barcelona, hereinafter Comp\u00e1s<\/p>\n<p style=\"font-weight: 400;\"><strong>Website Contents<\/strong><\/p>\n<p style=\"font-weight: 400;\">All of its contents, including text, images, sound and any other material, are the property of COMP\u00c1S or third parties that have authorized their use. COMP\u00c1S reserves all rights.<\/p>\n<p style=\"font-weight: 400;\">The administrative information that COMP\u00c1S publishes on this website does not replace the content of the laws, general provisions and agreements that must be formally published in the DOGC and in other official journals, the printed edition of which is the only instrument that attests to their authenticity and content.<\/p>\n<p style=\"font-weight: 400;\"><strong>Compass Disclaimer<\/strong><\/p>\n<p style=\"font-weight: 400;\">The user of the website is aware and voluntarily accepts that the use of the service takes place, in all cases, under his or her own responsibility. Thus, and except in cases where the law prohibits limiting liability, COMP\u00c1S assumes no responsibility derived from the uses that the user makes of this service.<\/p>\n<p style=\"font-weight: 400;\">By way of example, COMP\u00c1S is exempt from any liability arising from:<\/p>\n<ul style=\"font-weight: 400;\">\n<li>The lack of guarantee of continuous access to the elements and information contained in its web pages, nor their correct display or download or their usefulness.<\/li>\n<li>Any damages or losses caused by interference, telephone breakdowns or disconnections in the electronic system or by any other factor or circumstance beyond its control.<\/li>\n<li>The company does not guarantee that its website and its servers are free of viruses and malware of any kind, and it is not responsible for any damages caused by access to its website or by the impossibility of accessing it.<\/li>\n<li>Of the information or other third-party content linked to the website. Likewise, it is not responsible for any information not contained on this website, and therefore, not directly prepared by COMP\u00c1S or by any of its authorized members.<\/li>\n<\/ul>\n<p style=\"font-weight: 400;\">\u00a0<\/p>\n<p style=\"font-weight: 400;\"><strong>User Responsibility<\/strong><\/p>\n<p style=\"font-weight: 400;\">COMPAS does not authorize the use of the contents of this website for commercial or advertising purposes.<\/p>\n<p style=\"font-weight: 400;\">It does not allow the reproduction, distribution, transmission, adaptation or modification, with any tool or any means, of the contents of this website or its design.<\/p>\n<p style=\"font-weight: 400;\">Except in cases where expressly authorized by COMP\u00c1S, it is prohibited to present web pages of the site under frames, distinctive signs, trademarks or other corporate or commercial names of another person, company or entity.<\/p>\n<p style=\"font-weight: 400;\">Users of this website undertake to provide true and accurate information about themselves when requested.<\/p>\n<p style=\"font-weight: 400;\">Privacy policy and personal data processing<\/p>\n<p style=\"font-weight: 400;\">For more information, see the privacy policy.<\/p>\n<p style=\"font-weight: 400;\"><strong>Cookies policy<\/strong><\/p>\n<p style=\"font-weight: 400;\">For more information, see the cookie policy.<\/p>\n<p style=\"font-weight: 400;\"><strong>Notices, applicable law and jurisdiction<\/strong><\/p>\n<p style=\"font-weight: 400;\">If any difference should arise between the two parties regarding the interpretation, compliance and effects of these legal conditions, and if they are unable to reach an agreement or solution accepted by both parties, they expressly waive any other jurisdiction that may apply to them and submit to the jurisdiction and competence of the Courts and Tribunals of Barcelona. Users accept compliance with and respect for this point.<\/p>\n<p style=\"font-weight: 400;\"><strong>Modifications of legal conditions<\/strong><\/p>\n<p style=\"font-weight: 400;\">COMPAS reserves the right to modify the terms and conditions set forth in this document at any time and without prior notice.<\/p>\n<p style=\"font-weight: 400;\">\u00a0<\/p>\n\t\t\t\t\t\t\t\t<\/div>\n\t\t\t\t<\/div>\n\t\t\t\t\t<\/div>\n\t\t\t\t<\/div>\n\t\t\t\t<\/div>","protected":false},"excerpt":{"rendered":"<p>Aviso legal Propiedad del sitio web Este sitio web, con direcci\u00f3n www.batlle.es, es propiedad de Comp\u00e1s 1010 SL, con domicilio en la calle Casanova 199. 08036 de Barcelona, en adelante Comp\u00e1s Contenidos del sitio web Todos sus contenidos, incluyendo los textos, las im\u00e1genes, el sonido y cualquier otro material, son propiedad de COMP\u00c1S o de [&hellip;]<\/p>\n","protected":false},"author":1,"featured_media":0,"parent":0,"menu_order":0,"comment_status":"closed","ping_status":"closed","template":"","meta":{"footnotes":""},"class_list":["post-3244","page","type-page","status-publish","hentry"],"_links":{"self":[{"href":"https:\/\/batlle.es\/en\/wp-json\/wp\/v2\/pages\/3244","targetHints":{"allow":["GET"]}}],"collection":[{"href":"https:\/\/batlle.es\/en\/wp-json\/wp\/v2\/pages"}],"about":[{"href":"https:\/\/batlle.es\/en\/wp-json\/wp\/v2\/types\/page"}],"author":[{"embeddable":true,"href":"https:\/\/batlle.es\/en\/wp-json\/wp\/v2\/users\/1"}],"replies":[{"embeddable":true,"href":"https:\/\/batlle.es\/en\/wp-json\/wp\/v2\/comments?post=3244"}],"version-history":[{"count":0,"href":"https:\/\/batlle.es\/en\/wp-json\/wp\/v2\/pages\/3244\/revisions"}],"wp:attachment":[{"href":"https:\/\/batlle.es\/en\/wp-json\/wp\/v2\/media?parent=3244"}],"curies":[{"name":"wp","href":"https:\/\/api.w.org\/{rel}","templated":true}]}}