{"id":3239,"date":"2023-09-21T16:38:42","date_gmt":"2023-09-21T16:38:42","guid":{"rendered":"https:\/\/batlle.es\/?page_id=3239"},"modified":"2024-11-11T11:37:25","modified_gmt":"2024-11-11T11:37:25","slug":"politica-de-cookies-batlle-marketing-digital-comunicacion","status":"publish","type":"page","link":"https:\/\/batlle.es\/en\/politica-de-cookies-batlle-marketing-digital-comunicacion\/","title":{"rendered":"Cookies policy"},"content":{"rendered":"<div data-elementor-type=\"wp-page\" data-elementor-id=\"3239\" class=\"elementor elementor-3239\" data-elementor-post-type=\"page\">\n\t\t\t\t<div class=\"elementor-element elementor-element-263c802 e-con-full e-flex e-con e-parent\" data-id=\"263c802\" data-element_type=\"container\" data-e-type=\"container\" data-settings=\"{&quot;background_background&quot;:&quot;classic&quot;}\">\n\t\t\t\t<div class=\"elementor-element elementor-element-1ce9ce2 elementor-align-right elementor-invisible elementor-widget elementor-widget-button\" data-id=\"1ce9ce2\" data-element_type=\"widget\" data-e-type=\"widget\" data-settings=\"{&quot;_animation&quot;:&quot;fadeInLeft&quot;}\" data-widget_type=\"button.default\">\n\t\t\t\t<div class=\"elementor-widget-container\">\n\t\t\t\t\t\t\t\t\t<div class=\"elementor-button-wrapper\">\n\t\t\t\t\t<a class=\"elementor-button elementor-size-xs\" role=\"button\">\n\t\t\t\t\t\t<span class=\"elementor-button-content-wrapper\">\n\t\t\t\t\t\t\t\t\t<span class=\"elementor-button-text\">Cookies policy<\/span>\n\t\t\t\t\t<\/span>\n\t\t\t\t\t<\/a>\n\t\t\t\t<\/div>\n\t\t\t\t\t\t\t\t<\/div>\n\t\t\t\t<\/div>\n\t\t\t\t<\/div>\n\t\t<div class=\"elementor-element elementor-element-7259ec49 e-flex e-con-boxed e-con e-parent\" data-id=\"7259ec49\" data-element_type=\"container\" data-e-type=\"container\">\n\t\t\t\t\t<div class=\"e-con-inner\">\n\t\t\t\t<div class=\"elementor-element elementor-element-10892131 elementor-widget elementor-widget-text-editor\" data-id=\"10892131\" data-element_type=\"widget\" data-e-type=\"widget\" data-widget_type=\"text-editor.default\">\n\t\t\t\t<div class=\"elementor-widget-container\">\n\t\t\t\t\t\t\t\t\t\n<p style=\"font-weight: 400;\"><strong>COOKIE POLICY<\/strong><\/p>\n<p style=\"font-weight: 400;\"><strong>What are cookies?<\/strong><\/p>\n<p style=\"font-weight: 400;\">A cookie is a small text file that is stored in your browser when you visit almost any website. Its purpose is to enable the website to remember your visit when you return to this page. Cookies usually store technical information, personal preferences, content customization, usage statistics, links to social networks, access to user accounts, etc. The purpose of the cookie is to adapt the content of the website to your profile and needs. Without cookies, the services offered by any page would be significantly reduced.<\/p>\n<p style=\"font-weight: 400;\">Depending on the entity that manages the domain from which the cookies are sent and the data obtained is processed, two types can be distinguished: first-party cookies and third-party cookies.<\/p>\n<p style=\"font-weight: 400;\">There are other classifications of cookies, depending on the length of time they remain stored in the client&#039;s browser, as well as depending on the purpose for which the data obtained is processed.<\/p>\n<p style=\"font-weight: 400;\">For more information, please consult the \u201cGuide on the use of cookies\u201d of the Spanish Data Protection Agency.<\/p>\n<p style=\"font-weight: 400;\"><strong>Cookies used on this website<\/strong><\/p>\n<p style=\"font-weight: 400;\">Following the guidelines of the Spanish Data Protection Agency, we proceed to detail the use of cookies that this website makes in order to provide information as accurately as possible. This website uses the following own cookies:<\/p>\n<p style=\"font-weight: 400;\">Own cookies for session control.<\/p>\n<p style=\"font-weight: 400;\">Technical cookies.<\/p>\n<p style=\"font-weight: 400;\">Cookies for accepting the cookie policy itself, among others.<\/p>\n<p style=\"font-weight: 400;\"><strong>This website uses the following third-party cookies:<\/strong><\/p>\n<p style=\"font-weight: 400;\">Google Analytics: Stores cookies to compile statistics on traffic and volume of visits to this website. One of the Google Analytics tools provides us with information, which we process statistically, on navigation on our website and the type of device used by our visitors.<\/p>\n<p style=\"font-weight: 400;\">Social networks: Each social network has its own cookies so that you can click on &quot;like&quot; or &quot;share&quot; buttons.<\/p>\n<p>&nbsp;<\/p>\n<p style=\"font-weight: 400;\"><strong>Disabling or deleting cookies<\/strong><\/p>\n<p style=\"font-weight: 400;\">You may exercise your right to disable or delete cookies from this website at any time. These actions are carried out differently depending on the browser you are using. Since the operation is different in each browser, we inform you that the \u201cHelp\u201d function will show you how to do it.<\/p>\n<p style=\"font-weight: 400;\"><strong>Acceptance of the cookie policy<\/strong><\/p>\n<p style=\"font-weight: 400;\">By clicking the \u201cUnderstood\u201d button, you agree to the use of cookies.<\/p>\n<p style=\"font-weight: 400;\"><strong>Additional notes<\/strong><\/p>\n<p style=\"font-weight: 400;\">Neither this website nor its legal representatives are responsible for the content or the veracity of the privacy policies that third parties named in this cookie policy may have.<\/p>\n<p style=\"font-weight: 400;\">Web browsers are the tools responsible for storing cookies and for exercising your right to delete or deactivate them from this site. Neither this website nor its legal representatives can guarantee the correct or incorrect handling of cookies by the aforementioned browsers.<\/p>\n<p style=\"font-weight: 400;\">For more information about how Google uses cookies, see\u00a0<a href=\"https:\/\/support.google.com\/analytics\/answer\/6004245\" target=\"_blank\" rel=\"noopener\">this link<\/a>.<\/p>\n<p style=\"font-weight: 400;\">\u00a0<\/p>\n<p style=\"font-weight: 400;\">\u00a0<\/p>\n<div class= \"cky-audit-table-element\"><\/div>\n\t\t\t\t\t\t\t\t<\/div>\n\t\t\t\t<\/div>\n\t\t\t\t\t<\/div>\n\t\t\t\t<\/div>\n\t\t\t\t<\/div>","protected":false},"excerpt":{"rendered":"<p>Pol\u00edtica de cookies POL\u00cdTICA DE COOKIES \u00bfQu\u00e9 son las cookies? Una cookie es un peque\u00f1o fichero de texto que se almacena en su navegador cuando visita pr\u00e1cticamente cualquier p\u00e1gina web. Su utilidad es que la web sea capaz de recordar su visita cuando vuelva a navegar en esta p\u00e1gina. Las cookies suelen almacenar informaci\u00f3n de [&hellip;]<\/p>\n","protected":false},"author":1,"featured_media":0,"parent":0,"menu_order":0,"comment_status":"closed","ping_status":"closed","template":"","meta":{"footnotes":""},"class_list":["post-3239","page","type-page","status-publish","hentry"],"_links":{"self":[{"href":"https:\/\/batlle.es\/en\/wp-json\/wp\/v2\/pages\/3239","targetHints":{"allow":["GET"]}}],"collection":[{"href":"https:\/\/batlle.es\/en\/wp-json\/wp\/v2\/pages"}],"about":[{"href":"https:\/\/batlle.es\/en\/wp-json\/wp\/v2\/types\/page"}],"author":[{"embeddable":true,"href":"https:\/\/batlle.es\/en\/wp-json\/wp\/v2\/users\/1"}],"replies":[{"embeddable":true,"href":"https:\/\/batlle.es\/en\/wp-json\/wp\/v2\/comments?post=3239"}],"version-history":[{"count":0,"href":"https:\/\/batlle.es\/en\/wp-json\/wp\/v2\/pages\/3239\/revisions"}],"wp:attachment":[{"href":"https:\/\/batlle.es\/en\/wp-json\/wp\/v2\/media?parent=3239"}],"curies":[{"name":"wp","href":"https:\/\/api.w.org\/{rel}","templated":true}]}}