{"id":4825,"date":"2024-11-07T09:03:16","date_gmt":"2024-11-07T09:03:16","guid":{"rendered":"https:\/\/batlle.es\/?page_id=4825"},"modified":"2024-12-02T11:16:42","modified_gmt":"2024-12-02T11:16:42","slug":"ayuda-kit-digital-tu-web-y-posicionamiento-gratis","status":"publish","type":"page","link":"https:\/\/batlle.es\/ca\/ayuda-kit-digital-tu-web-y-posicionamiento-gratis\/","title":{"rendered":"Kit Digital"},"content":{"rendered":"<div data-elementor-type=\"wp-page\" data-elementor-id=\"4825\" class=\"elementor elementor-4825\" data-elementor-post-type=\"page\">\n\t\t\t\t<div class=\"elementor-element elementor-element-6c08a42 e-con-full e-flex e-con e-parent\" data-id=\"6c08a42\" data-element_type=\"container\" data-e-type=\"container\" data-settings=\"{&quot;background_background&quot;:&quot;video&quot;,&quot;background_video_link&quot;:&quot;https:\\\/\\\/batlle.es\\\/videos\\\/cohete.mp4&quot;,&quot;background_video_start&quot;:0,&quot;background_play_on_mobile&quot;:&quot;yes&quot;}\">\n\t\t<div class=\"elementor-background-video-container\">\n\t\t\t\t\t\t\t<video class=\"elementor-background-video-hosted\" role=\"presentation\" autoplay muted playsinline loop><\/video>\n\t\t\t\t\t<\/div>\t\t<div class=\"elementor-element elementor-element-cc08126 elementor-align-right elementor-invisible elementor-widget elementor-widget-button\" data-id=\"cc08126\" data-element_type=\"widget\" data-e-type=\"widget\" data-settings=\"{&quot;_animation&quot;:&quot;fadeInLeft&quot;}\" data-widget_type=\"button.default\">\n\t\t\t\t<div class=\"elementor-widget-container\">\n\t\t\t\t\t\t\t\t\t<div class=\"elementor-button-wrapper\">\n\t\t\t\t\t<a class=\"elementor-button elementor-size-xs\" role=\"button\">\n\t\t\t\t\t\t<span class=\"elementor-button-content-wrapper\">\n\t\t\t\t\t\t\t\t\t<span class=\"elementor-button-text\">Kit Digital<\/span>\n\t\t\t\t\t<\/span>\n\t\t\t\t\t<\/a>\n\t\t\t\t<\/div>\n\t\t\t\t\t\t\t\t<\/div>\n\t\t\t\t<\/div>\n\t\t\t\t<\/div>\n\t\t<div class=\"elementor-element elementor-element-63b9229 e-flex e-con-boxed e-con e-parent\" data-id=\"63b9229\" data-element_type=\"container\" data-e-type=\"container\" data-settings=\"{&quot;background_background&quot;:&quot;classic&quot;}\">\n\t\t\t\t\t<div class=\"e-con-inner\">\n\t\t\t\t<div class=\"elementor-element elementor-element-42c2769 elementor-widget elementor-widget-text-editor\" data-id=\"42c2769\" data-element_type=\"widget\" data-e-type=\"widget\" data-widget_type=\"text-editor.default\">\n\t\t\t\t<div class=\"elementor-widget-container\">\n\t\t\t\t\t\t\t\t\t<div style=\"display: none;\">\n  El kit digital \u00e9s una soluci\u00f3 dissenyada per ajudar les empreses a fer un pas cap a la transformaci\u00f3 digital, permetent optimitzar la seva pres\u00e8ncia en l\u00ednia, millorar la interacci\u00f3 amb els seus clients i potenciar les seves operacions comercials. El seu \u00fas \u00e9s clau per a aquells que es volen destacar en un mercat cada cop m\u00e9s digitalitzat i competitiu. Aqu\u00ed t&#039;expliquem alguns dels principals avantatges que pots obtenir en implementar el kit digital per a la creaci\u00f3 de p\u00e0gines web, ecommerce, optimitzaci\u00f3 del posicionament i gesti\u00f3 de xarxes socials. 1. Creaci\u00f3 de p\u00e0gines web i ecommerce eficients i personalitzades: El kit digital facilita la creaci\u00f3 de p\u00e0gines web professionals i botigues en l\u00ednia adaptades a les necessitats de cada negoci. Aix\u00f2 inclou un disseny atractiu i funcional, orientat a millorar lexperi\u00e8ncia de lusuari, aix\u00ed com caracter\u00edstiques personalitzades que reflecteixen la identitat de la marca. Amb una p\u00e0gina web ben dissenyada, no nom\u00e9s aconsegueixes atraure i captar l&#039;atenci\u00f3 dels visitants, sin\u00f3 que a m\u00e9s converteixes la visita en una experi\u00e8ncia positiva, cosa que augmenta les possibilitats de conversi\u00f3 i fidelitzaci\u00f3. 2. Major visibilitat amb estrat\u00e8gies SEO avan\u00e7ades: Comptar amb un lloc web o comer\u00e7 electr\u00f2nic no \u00e9s suficient si no ets visible per al teu p\u00fablic objectiu. El kit digital ofereix eines i estrat\u00e8gies per optimitzar el posicionament en cercadors (SEO), cosa que assegura que la teva p\u00e0gina sigui m\u00e9s f\u00e0cil de trobar. En millorar la teva visibilitat, incrementes el tr\u00e0nsit org\u00e0nic i, per tant, les oportunitats de generar vendes. Les t\u00e0ctiques SEO inclouen des de loptimitzaci\u00f3 de paraules clau fins a la millora de la velocitat de c\u00e0rrega del lloc, assegurant que es compleixin les millors pr\u00e0ctiques del sector. 3. Gesti\u00f3 efectiva de xarxes socials: Avui dia, tenir una pres\u00e8ncia activa a xarxes socials \u00e9s vital per construir una marca forta i connectada amb la seva audi\u00e8ncia. Amb el kit digital, \u00e9s possible gestionar de manera integral els perfils de xarxes socials de la teva empresa, permetent crear contingut atractiu i rellevant, respondre a les interaccions dels usuaris, i mantenir una estrat\u00e8gia de comunicaci\u00f3 coherent. Una bona gesti\u00f3 de xarxes genera engagement, enforteix la relaci\u00f3 amb els clients i augmenta l&#039;abast del teu missatge fent cr\u00e9ixer la teva comunitat digital. 4. Increment de la competitivitat i adaptabilitat del negoci: La digitalitzaci\u00f3 ja no \u00e9s una opci\u00f3, sin\u00f3 una necessitat per a qualsevol empresa que es vulgui mantenir vigent. El kit digital proporciona eines tecnol\u00f2giques que milloren la competitivitat del teu negoci, optimitzant els recursos i permetent adaptar-te als canvis del mercat. Des d&#039;una botiga en l\u00ednia que pugui vendre 24\/7 fins a campanyes de m\u00e0rqueting digital efectives, cada funci\u00f3 del kit est\u00e0 dissenyada per maximitzar l&#039;impacte del teu negoci a l&#039;entorn digital. 5. Estalvi de temps i recursos amb solucions integrades: Finalment, el kit digital ofereix solucions integrades que estalvien temps i recursos. Des de la creaci\u00f3 de la web fins a la gesti\u00f3 de campanyes i l&#039;anal\u00edtica de resultats, comptar amb tot en un sol lloc simplifica processos i millora l&#039;efici\u00e8ncia operativa. La inversi\u00f3 en aquestes eines \u00e9s clau perqu\u00e8 les empreses, sense importar-ne la mida, puguin competir en igualtat de condicions i cr\u00e9ixer en el m\u00f3n digital.\n<\/div>\t\t\t\t\t\t\t\t<\/div>\n\t\t\t\t<\/div>\n\t\t<div class=\"elementor-element elementor-element-833f921 e-con-full e-flex elementor-invisible e-con e-child\" data-id=\"833f921\" data-element_type=\"container\" data-e-type=\"container\" data-settings=\"{&quot;background_background&quot;:&quot;classic&quot;,&quot;animation&quot;:&quot;fadeIn&quot;,&quot;animation_delay&quot;:1000}\">\n\t\t\t\t<div class=\"elementor-element elementor-element-1027898 elementor-widget elementor-widget-image\" data-id=\"1027898\" data-element_type=\"widget\" data-e-type=\"widget\" data-widget_type=\"image.default\">\n\t\t\t\t<div class=\"elementor-widget-container\">\n\t\t\t\t\t\t\t\t\t\t\t\t\t\t\t<img decoding=\"async\" width=\"213\" height=\"58\" src=\"https:\/\/batlle.es\/wp-content\/uploads\/2024\/11\/Group-17.png\" class=\"attachment-large size-large wp-image-4830\" alt=\"kit digital logo\" srcset=\"https:\/\/batlle.es\/wp-content\/uploads\/2024\/11\/Group-17.png 213w, https:\/\/batlle.es\/wp-content\/uploads\/2024\/11\/Group-17-18x5.png 18w\" sizes=\"(max-width: 213px) 100vw, 213px\" \/>\t\t\t\t\t\t\t\t\t\t\t\t\t\t\t<\/div>\n\t\t\t\t<\/div>\n\t\t<div class=\"elementor-element elementor-element-650fff2 e-flex e-con-boxed e-con e-child\" data-id=\"650fff2\" data-element_type=\"container\" data-e-type=\"container\">\n\t\t\t\t\t<div class=\"e-con-inner\">\n\t\t\t\t<div class=\"elementor-element elementor-element-7078af2 elementor-widget elementor-widget-text-editor\" data-id=\"7078af2\" data-element_type=\"widget\" data-e-type=\"widget\" data-widget_type=\"text-editor.default\">\n\t\t\t\t<div class=\"elementor-widget-container\">\n\t\t\t\t\t\t\t\t\t<p>Amb el kit digital pots obtenir fins a 29.000\u20ac en ajuts dels fons europeus Next Generation.<\/p><p>Tant si ets un aut\u00f2nom, una microempresa o una pime, la teva web, el seu posicionament i la gesti\u00f3 de les xarxes socials et poden sortir gratis en funci\u00f3 del tipus d&#039;ajuda que et correspongui.<\/p><p>A Batlle som <strong>agents digitalitzadors, homologats<\/strong> per l&#039;Estat, per aix\u00f2 gestionem i realitzem les ajudes directes.<\/p><p>El termini per sol\u00b7licitar el kit digital s&#039;ha ampliat fins al 31 de desembre de 2025<\/p><p>Aquests ajuts es distribueixen sobre la base del nombre d&#039;empleats de la teva empresa:<\/p>\t\t\t\t\t\t\t\t<\/div>\n\t\t\t\t<\/div>\n\t\t\t\t<div class=\"elementor-element elementor-element-4ca9024 elementor-widget elementor-widget-heading\" data-id=\"4ca9024\" data-element_type=\"widget\" data-e-type=\"widget\" data-widget_type=\"heading.default\">\n\t\t\t\t<div class=\"elementor-widget-container\">\n\t\t\t\t\t<h2 class=\"elementor-heading-title elementor-size-default\">Segment Beneficiaris - Imports Kit Digital<\/h2>\t\t\t\t<\/div>\n\t\t\t\t<\/div>\n\t\t\t\t\t<\/div>\n\t\t\t\t<\/div>\n\t\t<div class=\"elementor-element elementor-element-c185fb1 e-con-full e-flex e-con e-child\" data-id=\"c185fb1\" data-element_type=\"container\" data-e-type=\"container\">\n\t\t<div class=\"elementor-element elementor-element-0c6a0d2 e-con-full e-flex e-con e-child\" data-id=\"0c6a0d2\" data-element_type=\"container\" data-e-type=\"container\">\n\t\t\t\t<div class=\"elementor-element elementor-element-016ddcb elementor-widget elementor-widget-qi_addons_for_elementor_accordion\" data-id=\"016ddcb\" data-element_type=\"widget\" data-e-type=\"widget\" data-widget_type=\"qi_addons_for_elementor_accordion.default\">\n\t\t\t\t<div class=\"elementor-widget-container\">\n\t\t\t\t\t<div class=\"qodef-shortcode qodef-m qodef-qi-accordion qodef-qi-clear qodef-behavior--toggle qodef-layout--simple qodef-style--border-top\">\n\t<h3 class=\"qodef-e-title-holder\">\n\t<span class=\"qodef-e-title\">Entre 0 i 3 empleats<\/span>\n\t<span class=\"qodef-e-mark\">\n\t\t<span class=\"qodef-icon--plus\">\n\t\t\t\t<span class=\"qodef-e-icon\">\n\t\t<i aria-hidden=\"true\" class=\"fas fa-plus\"><\/i>\t<\/span>\n\t\t\t<\/span>\n\t\t<span class=\"qodef-icon--minus\">\n\t\t\t\t<span class=\"qodef-e-icon\">\n\t\t<i aria-hidden=\"true\" class=\"fas fa-minus\"><\/i>\t<\/span>\n\t\t\t<\/span>\n\t<\/span>\n<\/h3>\n<div class=\"qodef-e-content\">\n\t<div class=\"qodef-e-content-inner\">\n\t\t<p>Fins a 3.000 \u20ac<\/p>\t<\/div>\n<\/div>\n<h3 class=\"qodef-e-title-holder\">\n\t<span class=\"qodef-e-title\">Entre 3 i 10 empleats<\/span>\n\t<span class=\"qodef-e-mark\">\n\t\t<span class=\"qodef-icon--plus\">\n\t\t\t\t<span class=\"qodef-e-icon\">\n\t\t<i aria-hidden=\"true\" class=\"fas fa-plus\"><\/i>\t<\/span>\n\t\t\t<\/span>\n\t\t<span class=\"qodef-icon--minus\">\n\t\t\t\t<span class=\"qodef-e-icon\">\n\t\t<i aria-hidden=\"true\" class=\"fas fa-minus\"><\/i>\t<\/span>\n\t\t\t<\/span>\n\t<\/span>\n<\/h3>\n<div class=\"qodef-e-content\">\n\t<div class=\"qodef-e-content-inner\">\n\t\t<p>Fins a 6.000\u20ac<\/p>\t<\/div>\n<\/div>\n<h3 class=\"qodef-e-title-holder\">\n\t<span class=\"qodef-e-title\">Entre 10 i 50 empleats<\/span>\n\t<span class=\"qodef-e-mark\">\n\t\t<span class=\"qodef-icon--plus\">\n\t\t\t\t<span class=\"qodef-e-icon\">\n\t\t<i aria-hidden=\"true\" class=\"fas fa-plus\"><\/i>\t<\/span>\n\t\t\t<\/span>\n\t\t<span class=\"qodef-icon--minus\">\n\t\t\t\t<span class=\"qodef-e-icon\">\n\t\t<i aria-hidden=\"true\" class=\"fas fa-minus\"><\/i>\t<\/span>\n\t\t\t<\/span>\n\t<\/span>\n<\/h3>\n<div class=\"qodef-e-content\">\n\t<div class=\"qodef-e-content-inner\">\n\t\t<p>Fins a 12.000 \u20ac<\/p>\t<\/div>\n<\/div>\n<h3 class=\"qodef-e-title-holder\">\n\t<span class=\"qodef-e-title\">Entre 50 i 100 empleats<\/span>\n\t<span class=\"qodef-e-mark\">\n\t\t<span class=\"qodef-icon--plus\">\n\t\t\t\t<span class=\"qodef-e-icon\">\n\t\t<i aria-hidden=\"true\" class=\"fas fa-plus\"><\/i>\t<\/span>\n\t\t\t<\/span>\n\t\t<span class=\"qodef-icon--minus\">\n\t\t\t\t<span class=\"qodef-e-icon\">\n\t\t<i aria-hidden=\"true\" class=\"fas fa-minus\"><\/i>\t<\/span>\n\t\t\t<\/span>\n\t<\/span>\n<\/h3>\n<div class=\"qodef-e-content\">\n\t<div class=\"qodef-e-content-inner\">\n\t\t<p>Fins a 25.000 \u20ac<\/p>\t<\/div>\n<\/div>\n<h3 class=\"qodef-e-title-holder\">\n\t<span class=\"qodef-e-title\">Entre 100 i 250 empleats<\/span>\n\t<span class=\"qodef-e-mark\">\n\t\t<span class=\"qodef-icon--plus\">\n\t\t\t\t<span class=\"qodef-e-icon\">\n\t\t<i aria-hidden=\"true\" class=\"fas fa-plus\"><\/i>\t<\/span>\n\t\t\t<\/span>\n\t\t<span class=\"qodef-icon--minus\">\n\t\t\t\t<span class=\"qodef-e-icon\">\n\t\t<i aria-hidden=\"true\" class=\"fas fa-minus\"><\/i>\t<\/span>\n\t\t\t<\/span>\n\t<\/span>\n<\/h3>\n<div class=\"qodef-e-content\">\n\t<div class=\"qodef-e-content-inner\">\n\t\t<p>Fins a 29.000 \u20ac<\/p>\t<\/div>\n<\/div>\n<\/div>\n\t\t\t\t<\/div>\n\t\t\t\t<\/div>\n\t\t\t\t<\/div>\n\t\t<div class=\"elementor-element elementor-element-32f4994 e-con-full e-flex e-con e-child\" data-id=\"32f4994\" data-element_type=\"container\" data-e-type=\"container\">\n\t\t\t\t<div class=\"elementor-element elementor-element-3af2862 elementor-widget elementor-widget-image\" data-id=\"3af2862\" data-element_type=\"widget\" data-e-type=\"widget\" data-widget_type=\"image.default\">\n\t\t\t\t<div class=\"elementor-widget-container\">\n\t\t\t\t\t\t\t\t\t\t\t\t\t\t\t<img fetchpriority=\"high\" decoding=\"async\" width=\"800\" height=\"800\" src=\"https:\/\/batlle.es\/wp-content\/uploads\/2024\/11\/smartcity-1024x1024.jpg\" class=\"attachment-large size-large wp-image-4898\" alt=\"\" srcset=\"https:\/\/batlle.es\/wp-content\/uploads\/2024\/11\/smartcity-1024x1024.jpg 1024w, https:\/\/batlle.es\/wp-content\/uploads\/2024\/11\/smartcity-300x300.jpg 300w, https:\/\/batlle.es\/wp-content\/uploads\/2024\/11\/smartcity-150x150.jpg 150w, https:\/\/batlle.es\/wp-content\/uploads\/2024\/11\/smartcity-768x768.jpg 768w, https:\/\/batlle.es\/wp-content\/uploads\/2024\/11\/smartcity-1536x1536.jpg 1536w, https:\/\/batlle.es\/wp-content\/uploads\/2024\/11\/smartcity-2048x2048.jpg 2048w, https:\/\/batlle.es\/wp-content\/uploads\/2024\/11\/smartcity-12x12.jpg 12w, https:\/\/batlle.es\/wp-content\/uploads\/2024\/11\/smartcity-650x650.jpg 650w, https:\/\/batlle.es\/wp-content\/uploads\/2024\/11\/smartcity-1300x1300.jpg 1300w\" sizes=\"(max-width: 800px) 100vw, 800px\" \/>\t\t\t\t\t\t\t\t\t\t\t\t\t\t\t<\/div>\n\t\t\t\t<\/div>\n\t\t\t\t<\/div>\n\t\t\t\t<\/div>\n\t\t<div class=\"elementor-element elementor-element-36749db e-con-full e-flex e-con e-child\" data-id=\"36749db\" data-element_type=\"container\" data-e-type=\"container\">\n\t\t\t\t<div class=\"elementor-element elementor-element-fc1bb12 elementor-view-default elementor-position-block-start elementor-mobile-position-block-start elementor-widget elementor-widget-icon-box\" data-id=\"fc1bb12\" data-element_type=\"widget\" data-e-type=\"widget\" data-widget_type=\"icon-box.default\">\n\t\t\t\t<div class=\"elementor-widget-container\">\n\t\t\t\t\t\t\t<div class=\"elementor-icon-box-wrapper\">\n\n\t\t\t\t\t\t<div class=\"elementor-icon-box-icon\">\n\t\t\t\t<span  class=\"elementor-icon\">\n\t\t\t\t<i aria-hidden=\"true\" class=\"fas fa-desktop\"><\/i>\t\t\t\t<\/span>\n\t\t\t<\/div>\n\t\t\t\n\t\t\t\t\t\t<div class=\"elementor-icon-box-content\">\n\n\t\t\t\t\t\t\t\t\t<h3 class=\"elementor-icon-box-title\">\n\t\t\t\t\t\t<span  >\n\t\t\t\t\t\t\tCreaci\u00f3 web\t\t\t\t\t\t<\/span>\n\t\t\t\t\t<\/h3>\n\t\t\t\t\n\t\t\t\t\t\t\t\t\t<p class=\"elementor-icon-box-description\">\n\t\t\t\t\t\tCrea o renova la teva web. Som Agent Digitalitzador per a la soluci\u00f3, &quot;Lloc web i pres\u00e8ncia a Internet&quot;.\t\t\t\t\t<\/p>\n\t\t\t\t\n\t\t\t<\/div>\n\t\t\t\n\t\t<\/div>\n\t\t\t\t\t\t<\/div>\n\t\t\t\t<\/div>\n\t\t\t\t<div class=\"elementor-element elementor-element-1a7a1bb elementor-view-default elementor-position-block-start elementor-mobile-position-block-start elementor-widget elementor-widget-icon-box\" data-id=\"1a7a1bb\" data-element_type=\"widget\" data-e-type=\"widget\" data-widget_type=\"icon-box.default\">\n\t\t\t\t<div class=\"elementor-widget-container\">\n\t\t\t\t\t\t\t<div class=\"elementor-icon-box-wrapper\">\n\n\t\t\t\t\t\t<div class=\"elementor-icon-box-icon\">\n\t\t\t\t<span  class=\"elementor-icon\">\n\t\t\t\t<i aria-hidden=\"true\" class=\"fas fa-rocket\"><\/i>\t\t\t\t<\/span>\n\t\t\t<\/div>\n\t\t\t\n\t\t\t\t\t\t<div class=\"elementor-icon-box-content\">\n\n\t\t\t\t\t\t\t\t\t<h3 class=\"elementor-icon-box-title\">\n\t\t\t\t\t\t<span  >\n\t\t\t\t\t\t\tPosicionament SEO\t\t\t\t\t\t<\/span>\n\t\t\t\t\t<\/h3>\n\t\t\t\t\n\t\t\t\t\t\t\t\t\t<p class=\"elementor-icon-box-description\">\n\t\t\t\t\t\tLa teva web, la primera a les cerques. Som Agent Digitalitzador per a la soluci\u00f3, &quot;Pres\u00e8ncia avan\u00e7ada a internet&quot;.\t\t\t\t\t<\/p>\n\t\t\t\t\n\t\t\t<\/div>\n\t\t\t\n\t\t<\/div>\n\t\t\t\t\t\t<\/div>\n\t\t\t\t<\/div>\n\t\t\t\t<div class=\"elementor-element elementor-element-2cb4ad9 elementor-view-default elementor-position-block-start elementor-mobile-position-block-start elementor-widget elementor-widget-icon-box\" data-id=\"2cb4ad9\" data-element_type=\"widget\" data-e-type=\"widget\" data-widget_type=\"icon-box.default\">\n\t\t\t\t<div class=\"elementor-widget-container\">\n\t\t\t\t\t\t\t<div class=\"elementor-icon-box-wrapper\">\n\n\t\t\t\t\t\t<div class=\"elementor-icon-box-icon\">\n\t\t\t\t<span  class=\"elementor-icon\">\n\t\t\t\t<i aria-hidden=\"true\" class=\"fas fa-bullhorn\"><\/i>\t\t\t\t<\/span>\n\t\t\t<\/div>\n\t\t\t\n\t\t\t\t\t\t<div class=\"elementor-icon-box-content\">\n\n\t\t\t\t\t\t\t\t\t<h3 class=\"elementor-icon-box-title\">\n\t\t\t\t\t\t<span  >\n\t\t\t\t\t\t\tXarxes Socials\t\t\t\t\t\t<\/span>\n\t\t\t\t\t<\/h3>\n\t\t\t\t\n\t\t\t\t\t\t\t\t\t<p class=\"elementor-icon-box-description\">\n\t\t\t\t\t\tGenera audi\u00e8ncies. Som Agent Digitalitzador per a la soluci\u00f3, \u201cGesti\u00f3 de xarxes socials\u201d.\t\t\t\t\t<\/p>\n\t\t\t\t\n\t\t\t<\/div>\n\t\t\t\n\t\t<\/div>\n\t\t\t\t\t\t<\/div>\n\t\t\t\t<\/div>\n\t\t\t\t<div class=\"elementor-element elementor-element-2664ff2 elementor-view-default elementor-position-block-start elementor-mobile-position-block-start elementor-widget elementor-widget-icon-box\" data-id=\"2664ff2\" data-element_type=\"widget\" data-e-type=\"widget\" data-widget_type=\"icon-box.default\">\n\t\t\t\t<div class=\"elementor-widget-container\">\n\t\t\t\t\t\t\t<div class=\"elementor-icon-box-wrapper\">\n\n\t\t\t\t\t\t<div class=\"elementor-icon-box-icon\">\n\t\t\t\t<span  class=\"elementor-icon\">\n\t\t\t\t<i aria-hidden=\"true\" class=\"fas fa-shopping-cart\"><\/i>\t\t\t\t<\/span>\n\t\t\t<\/div>\n\t\t\t\n\t\t\t\t\t\t<div class=\"elementor-icon-box-content\">\n\n\t\t\t\t\t\t\t\t\t<h3 class=\"elementor-icon-box-title\">\n\t\t\t\t\t\t<span  >\n\t\t\t\t\t\t\tBotiga on-line\t\t\t\t\t\t<\/span>\n\t\t\t\t\t<\/h3>\n\t\t\t\t\n\t\t\t\t\t\t\t\t\t<p class=\"elementor-icon-box-description\">\n\t\t\t\t\t\tVen a internet. Som Agent Digitalitzador per a la soluci\u00f3, &quot;Comer\u00e7 electr\u00f2nic&quot;.\t\t\t\t\t<\/p>\n\t\t\t\t\n\t\t\t<\/div>\n\t\t\t\n\t\t<\/div>\n\t\t\t\t\t\t<\/div>\n\t\t\t\t<\/div>\n\t\t\t\t<\/div>\n\t\t<div class=\"elementor-element elementor-element-dd6b0f9 e-con-full e-flex e-con e-child\" data-id=\"dd6b0f9\" data-element_type=\"container\" data-e-type=\"container\">\n\t\t\t\t<div class=\"elementor-element elementor-element-518b880 elementor-widget elementor-widget-heading\" data-id=\"518b880\" data-element_type=\"widget\" data-e-type=\"widget\" data-widget_type=\"heading.default\">\n\t\t\t\t<div class=\"elementor-widget-container\">\n\t\t\t\t\t<h2 class=\"elementor-heading-title elementor-size-default\"><a href=\"#elementor-action%3Aaction%3Dpopup%3Aopen%26settings%3DeyJpZCI6IjM5NjEiLCJ0b2dnbGUiOmZhbHNlfQ%3D%3D\">Informa&#039;t<\/a><\/h2>\t\t\t\t<\/div>\n\t\t\t\t<\/div>\n\t\t\t\t<div class=\"elementor-element elementor-element-486214b elementor-widget elementor-widget-button\" data-id=\"486214b\" data-element_type=\"widget\" data-e-type=\"widget\" data-settings=\"{&quot;_animation&quot;:&quot;none&quot;}\" data-widget_type=\"button.default\">\n\t\t\t\t<div class=\"elementor-widget-container\">\n\t\t\t\t\t\t\t\t\t<div class=\"elementor-button-wrapper\">\n\t\t\t\t\t<a class=\"elementor-button elementor-button-link elementor-size-lg\" href=\"#elementor-action%3Aaction%3Dpopup%3Aopen%26settings%3DeyJpZCI6IjM5NjEiLCJ0b2dnbGUiOmZhbHNlfQ%3D%3D\" id=\"A1\">\n\t\t\t\t\t\t<span class=\"elementor-button-content-wrapper\">\n\t\t\t\t\t\t\t\t\t<span class=\"elementor-button-text\">Parlem?<\/span>\n\t\t\t\t\t<\/span>\n\t\t\t\t\t<\/a>\n\t\t\t\t<\/div>\n\t\t\t\t\t\t\t\t<\/div>\n\t\t\t\t<\/div>\n\t\t\t\t<\/div>\n\t\t<div class=\"elementor-element elementor-element-f098772 e-con-full e-flex e-con e-child\" data-id=\"f098772\" data-element_type=\"container\" data-e-type=\"container\">\n\t\t\t\t<div class=\"elementor-element elementor-element-c121284 elementor-widget elementor-widget-image\" data-id=\"c121284\" data-element_type=\"widget\" data-e-type=\"widget\" data-widget_type=\"image.default\">\n\t\t\t\t<div class=\"elementor-widget-container\">\n\t\t\t\t\t\t\t\t\t\t\t\t\t\t\t<img decoding=\"async\" width=\"800\" height=\"76\" src=\"https:\/\/batlle.es\/wp-content\/uploads\/2024\/12\/SINBANDERA-KITDIGITAL-1024x97.png\" class=\"attachment-large size-large wp-image-5134\" alt=\"kit digital logo completo\" srcset=\"https:\/\/batlle.es\/wp-content\/uploads\/2024\/12\/SINBANDERA-KITDIGITAL-1024x97.png 1024w, https:\/\/batlle.es\/wp-content\/uploads\/2024\/12\/SINBANDERA-KITDIGITAL-300x28.png 300w, https:\/\/batlle.es\/wp-content\/uploads\/2024\/12\/SINBANDERA-KITDIGITAL-768x73.png 768w, https:\/\/batlle.es\/wp-content\/uploads\/2024\/12\/SINBANDERA-KITDIGITAL-1536x145.png 1536w, https:\/\/batlle.es\/wp-content\/uploads\/2024\/12\/SINBANDERA-KITDIGITAL-2048x194.png 2048w, https:\/\/batlle.es\/wp-content\/uploads\/2024\/12\/SINBANDERA-KITDIGITAL-18x2.png 18w\" sizes=\"(max-width: 800px) 100vw, 800px\" \/>\t\t\t\t\t\t\t\t\t\t\t\t\t\t\t<\/div>\n\t\t\t\t<\/div>\n\t\t\t\t<\/div>\n\t\t\t\t<\/div>\n\t\t\t\t\t<\/div>\n\t\t\t\t<\/div>\n\t\t\t\t<\/div>","protected":false},"excerpt":{"rendered":"<p>Kit Digital El kit digital es una soluci\u00f3n dise\u00f1ada para ayudar a las empresas a dar un paso hacia la transformaci\u00f3n digital, permitiendo optimizar su presencia en l\u00ednea, mejorar la interacci\u00f3n con sus clientes y potenciar sus operaciones comerciales. Su uso es clave para aquellos que desean destacarse en un mercado cada vez m\u00e1s digitalizado [&hellip;]<\/p>\n","protected":false},"author":1,"featured_media":0,"parent":0,"menu_order":0,"comment_status":"closed","ping_status":"closed","template":"","meta":{"footnotes":""},"class_list":["post-4825","page","type-page","status-publish","hentry"],"_links":{"self":[{"href":"https:\/\/batlle.es\/ca\/wp-json\/wp\/v2\/pages\/4825","targetHints":{"allow":["GET"]}}],"collection":[{"href":"https:\/\/batlle.es\/ca\/wp-json\/wp\/v2\/pages"}],"about":[{"href":"https:\/\/batlle.es\/ca\/wp-json\/wp\/v2\/types\/page"}],"author":[{"embeddable":true,"href":"https:\/\/batlle.es\/ca\/wp-json\/wp\/v2\/users\/1"}],"replies":[{"embeddable":true,"href":"https:\/\/batlle.es\/ca\/wp-json\/wp\/v2\/comments?post=4825"}],"version-history":[{"count":27,"href":"https:\/\/batlle.es\/ca\/wp-json\/wp\/v2\/pages\/4825\/revisions"}],"predecessor-version":[{"id":5137,"href":"https:\/\/batlle.es\/ca\/wp-json\/wp\/v2\/pages\/4825\/revisions\/5137"}],"wp:attachment":[{"href":"https:\/\/batlle.es\/ca\/wp-json\/wp\/v2\/media?parent=4825"}],"curies":[{"name":"wp","href":"https:\/\/api.w.org\/{rel}","templated":true}]}}