{"id":3244,"date":"2023-09-21T16:41:43","date_gmt":"2023-09-21T16:41:43","guid":{"rendered":"https:\/\/batlle.es\/?page_id=3244"},"modified":"2024-11-11T11:43:25","modified_gmt":"2024-11-11T11:43:25","slug":"aviso-legal-batlle-marketig-y-comunicacion","status":"publish","type":"page","link":"https:\/\/batlle.es\/ca\/aviso-legal-batlle-marketig-y-comunicacion\/","title":{"rendered":"Av\u00eds legal"},"content":{"rendered":"<div data-elementor-type=\"wp-page\" data-elementor-id=\"3244\" class=\"elementor elementor-3244\" data-elementor-post-type=\"page\">\n\t\t\t\t<div class=\"elementor-element elementor-element-62ee9d9 e-con-full e-flex e-con e-parent\" data-id=\"62ee9d9\" data-element_type=\"container\" data-e-type=\"container\" data-settings=\"{&quot;background_background&quot;:&quot;classic&quot;}\">\n\t\t\t\t<div class=\"elementor-element elementor-element-9d60eb4 elementor-align-right elementor-invisible elementor-widget elementor-widget-button\" data-id=\"9d60eb4\" data-element_type=\"widget\" data-e-type=\"widget\" data-settings=\"{&quot;_animation&quot;:&quot;fadeInLeft&quot;}\" data-widget_type=\"button.default\">\n\t\t\t\t<div class=\"elementor-widget-container\">\n\t\t\t\t\t\t\t\t\t<div class=\"elementor-button-wrapper\">\n\t\t\t\t\t<a class=\"elementor-button elementor-size-xs\" role=\"button\">\n\t\t\t\t\t\t<span class=\"elementor-button-content-wrapper\">\n\t\t\t\t\t\t\t\t\t<span class=\"elementor-button-text\">Av\u00eds legal<\/span>\n\t\t\t\t\t<\/span>\n\t\t\t\t\t<\/a>\n\t\t\t\t<\/div>\n\t\t\t\t\t\t\t\t<\/div>\n\t\t\t\t<\/div>\n\t\t\t\t<\/div>\n\t\t<div class=\"elementor-element elementor-element-7259ec49 e-flex e-con-boxed e-con e-parent\" data-id=\"7259ec49\" data-element_type=\"container\" data-e-type=\"container\">\n\t\t\t\t\t<div class=\"e-con-inner\">\n\t\t\t\t<div class=\"elementor-element elementor-element-10892131 elementor-widget elementor-widget-text-editor\" data-id=\"10892131\" data-element_type=\"widget\" data-e-type=\"widget\" data-widget_type=\"text-editor.default\">\n\t\t\t\t<div class=\"elementor-widget-container\">\n\t\t\t\t\t\t\t\t\t\n<p style=\"font-weight: 400;\"><strong>Propietat del lloc web<\/strong><\/p>\n<p style=\"font-weight: 400;\">Aquest lloc web, amb adre\u00e7a <a href=\"https:\/\/batlle.es\/ca\/\">www.batlle.es<\/a>, \u00e9s propietat de Comp\u00e1s 1010 SL, amb domicili al carrer Casanova 199. 08036 de Barcelona, d&#039;ara endavant Comp\u00e1s<\/p>\n<p style=\"font-weight: 400;\"><strong>Continguts del lloc web<\/strong><\/p>\n<p style=\"font-weight: 400;\">Tots els continguts, incloent-hi els textos, les imatges, el so i qualsevol altre material, s\u00f3n propietat de COMP\u00c0S o dels tercers que n&#039;hagin autoritzat l&#039;\u00fas. COMP\u00c0S es reserva tots els drets.<\/p>\n<p style=\"font-weight: 400;\">La informaci\u00f3 administrativa que COMP\u00c0S publica en aquest lloc web no substitueix el contingut de les lleis, les disposicions generals i els acords que s&#039;hagin de publicar formalment al DOGC i altres diaris oficials, l&#039;edici\u00f3 impresa de les quals \u00e9s l&#039;\u00fanic instrument que d\u00f3na fe de la seva autenticitat i del contingut.<\/p>\n<p style=\"font-weight: 400;\"><strong>Exoneraci\u00f3 de responsabilitats de Comp\u00e1s<\/strong><\/p>\n<p style=\"font-weight: 400;\">La persona usu\u00e0ria del lloc web n&#039;\u00e9s conscient i accepta de forma volunt\u00e0ria que la utilitzaci\u00f3 del servei t\u00e9 lloc, en tot cas, sota la seva responsabilitat. Aix\u00ed i excepte els casos en qu\u00e8 la llei prohibeixi de manera imperativa limitar la responsabilitat, COMP\u00c0S no assumeix cap responsabilitat derivada dels usos que faci la persona usu\u00e0ria d&#039;aquest servei.<\/p>\n<p style=\"font-weight: 400;\">A t\u00edtol no limitatiu, COMP\u00c0S s&#039;exonera de qualsevol responsabilitat derivada de:<\/p>\n<ul style=\"font-weight: 400;\">\n<li>La no garantia de l&#039;acc\u00e9s continu als elements ia la informaci\u00f3 continguts a les seves p\u00e0gines web, ni la correcta visualitzaci\u00f3 o desc\u00e0rrega o la utilitat.<\/li>\n<li>Els eventuals danys i perjudicis produ\u00efts per interfer\u00e8ncies, avaries telef\u00f2niques o desconnexions al sistema electr\u00f2nic o per qualsevol altre factor o circumst\u00e0ncia alienes al seu control.<\/li>\n<li>La no garantia que el vostre lloc web i els vostres servidors estiguin lliures de virus i de programes malignes de qualsevol tipus, alhora que no es fa responsable dels eventuals danys i perjudicis causats per l&#039;acc\u00e9s al vostre lloc web o per la impossibilitat d&#039;accedir-hi .<\/li>\n<li>De la informaci\u00f3 ni de la resta de continguts de tercers enlla\u00e7ats al lloc web. Aix\u00ed mateix, no es responsabilitza de cap informaci\u00f3 no continguda en aquest lloc web, i per tant no elaborada directament per COMP\u00c0S o per algun dels seus membres autoritzats.<\/li>\n<\/ul>\n<p style=\"font-weight: 400;\">\u00a0<\/p>\n<p style=\"font-weight: 400;\"><strong>Responsabilitat dels usuaris<\/strong><\/p>\n<p style=\"font-weight: 400;\">COMPAS no autoritza a utilitzar els continguts d&#039;aquest lloc web amb finalitats comercials o publicit\u00e0ries.<\/p>\n<p style=\"font-weight: 400;\">Tampoc no permet reproduir, distribuir, transmetre, adaptar o modificar, amb qualsevol eina o qualsevol mitj\u00e0, ni els continguts d&#039;aquest lloc web ni el seu disseny.<\/p>\n<p style=\"font-weight: 400;\">Queda prohibit, excepte en els casos en qu\u00e8 COMP\u00c0S ho autoritzi expressament, presentar p\u00e0gines web del lloc sota marcs, signes distintius, marques o altres denominacions socials o comercials duna altra persona, empresa o entitat.<\/p>\n<p style=\"font-weight: 400;\">Els usuaris d&#039;aquest lloc web es comprometen a subministrar informaci\u00f3 veritable i exacta sobre ells mateixos quan se&#039;ls demani.<\/p>\n<p style=\"font-weight: 400;\">Pol\u00edtica de privadesa i tractament de dades personals<\/p>\n<p style=\"font-weight: 400;\">Per a m\u00e9s informaci\u00f3 consulteu la pol\u00edtica de privadesa.<\/p>\n<p style=\"font-weight: 400;\"><strong>Pol\u00edtica de cookies<\/strong><\/p>\n<p style=\"font-weight: 400;\">Per a m\u00e9s informaci\u00f3 consulteu la pol\u00edtica de cookies.<\/p>\n<p style=\"font-weight: 400;\"><strong>Notificacions, llei aplicable i jurisdicci\u00f3<\/strong><\/p>\n<p style=\"font-weight: 400;\">Si es produ\u00eds alguna difer\u00e8ncia entre les dues parts sobre la interpretaci\u00f3, compliment i efectes d&#039;aquestes condicions legals, i en cas de poder no arribar a un acord o soluci\u00f3 acceptada per les dues parts, amb ren\u00fancia expressa a qualsevol altre fur que els pogu\u00e9s correspondre sotmeten a la jurisdicci\u00f3 i compet\u00e8ncia dels Tribunals i Jutjats de Barcelona. Els usuaris accepten el compliment i respecte daquest punt.<\/p>\n<p style=\"font-weight: 400;\"><strong>Modificacions de les condicions legals<\/strong><\/p>\n<p style=\"font-weight: 400;\">COMP\u00c0S es reserva el dret a modificar en qualsevol moment i sense av\u00eds previ els termes i les condicions establerts en aquest document.<\/p>\n<p style=\"font-weight: 400;\">\u00a0<\/p>\n\t\t\t\t\t\t\t\t<\/div>\n\t\t\t\t<\/div>\n\t\t\t\t\t<\/div>\n\t\t\t\t<\/div>\n\t\t\t\t<\/div>","protected":false},"excerpt":{"rendered":"<p>Aviso legal Propiedad del sitio web Este sitio web, con direcci\u00f3n www.batlle.es, es propiedad de Comp\u00e1s 1010 SL, con domicilio en la calle Casanova 199. 08036 de Barcelona, en adelante Comp\u00e1s Contenidos del sitio web Todos sus contenidos, incluyendo los textos, las im\u00e1genes, el sonido y cualquier otro material, son propiedad de COMP\u00c1S o de [&hellip;]<\/p>\n","protected":false},"author":1,"featured_media":0,"parent":0,"menu_order":0,"comment_status":"closed","ping_status":"closed","template":"","meta":{"footnotes":""},"class_list":["post-3244","page","type-page","status-publish","hentry"],"_links":{"self":[{"href":"https:\/\/batlle.es\/ca\/wp-json\/wp\/v2\/pages\/3244","targetHints":{"allow":["GET"]}}],"collection":[{"href":"https:\/\/batlle.es\/ca\/wp-json\/wp\/v2\/pages"}],"about":[{"href":"https:\/\/batlle.es\/ca\/wp-json\/wp\/v2\/types\/page"}],"author":[{"embeddable":true,"href":"https:\/\/batlle.es\/ca\/wp-json\/wp\/v2\/users\/1"}],"replies":[{"embeddable":true,"href":"https:\/\/batlle.es\/ca\/wp-json\/wp\/v2\/comments?post=3244"}],"version-history":[{"count":0,"href":"https:\/\/batlle.es\/ca\/wp-json\/wp\/v2\/pages\/3244\/revisions"}],"wp:attachment":[{"href":"https:\/\/batlle.es\/ca\/wp-json\/wp\/v2\/media?parent=3244"}],"curies":[{"name":"wp","href":"https:\/\/api.w.org\/{rel}","templated":true}]}}