{"id":3239,"date":"2023-09-21T16:38:42","date_gmt":"2023-09-21T16:38:42","guid":{"rendered":"https:\/\/batlle.es\/?page_id=3239"},"modified":"2024-11-11T11:37:25","modified_gmt":"2024-11-11T11:37:25","slug":"politica-de-cookies-batlle-marketing-digital-comunicacion","status":"publish","type":"page","link":"https:\/\/batlle.es\/ca\/politica-de-cookies-batlle-marketing-digital-comunicacion\/","title":{"rendered":"Pol\u00edtica de cookies"},"content":{"rendered":"<div data-elementor-type=\"wp-page\" data-elementor-id=\"3239\" class=\"elementor elementor-3239\" data-elementor-post-type=\"page\">\n\t\t\t\t<div class=\"elementor-element elementor-element-263c802 e-con-full e-flex e-con e-parent\" data-id=\"263c802\" data-element_type=\"container\" data-e-type=\"container\" data-settings=\"{&quot;background_background&quot;:&quot;classic&quot;}\">\n\t\t\t\t<div class=\"elementor-element elementor-element-1ce9ce2 elementor-align-right elementor-invisible elementor-widget elementor-widget-button\" data-id=\"1ce9ce2\" data-element_type=\"widget\" data-e-type=\"widget\" data-settings=\"{&quot;_animation&quot;:&quot;fadeInLeft&quot;}\" data-widget_type=\"button.default\">\n\t\t\t\t<div class=\"elementor-widget-container\">\n\t\t\t\t\t\t\t\t\t<div class=\"elementor-button-wrapper\">\n\t\t\t\t\t<a class=\"elementor-button elementor-size-xs\" role=\"button\">\n\t\t\t\t\t\t<span class=\"elementor-button-content-wrapper\">\n\t\t\t\t\t\t\t\t\t<span class=\"elementor-button-text\">Pol\u00edtica de cookies<\/span>\n\t\t\t\t\t<\/span>\n\t\t\t\t\t<\/a>\n\t\t\t\t<\/div>\n\t\t\t\t\t\t\t\t<\/div>\n\t\t\t\t<\/div>\n\t\t\t\t<\/div>\n\t\t<div class=\"elementor-element elementor-element-7259ec49 e-flex e-con-boxed e-con e-parent\" data-id=\"7259ec49\" data-element_type=\"container\" data-e-type=\"container\">\n\t\t\t\t\t<div class=\"e-con-inner\">\n\t\t\t\t<div class=\"elementor-element elementor-element-10892131 elementor-widget elementor-widget-text-editor\" data-id=\"10892131\" data-element_type=\"widget\" data-e-type=\"widget\" data-widget_type=\"text-editor.default\">\n\t\t\t\t<div class=\"elementor-widget-container\">\n\t\t\t\t\t\t\t\t\t\n<p style=\"font-weight: 400;\"><strong>POL\u00cdTICA DE COOKIES<\/strong><\/p>\n<p style=\"font-weight: 400;\"><strong>Qu\u00e8 s\u00f3n les galetes?<\/strong><\/p>\n<p style=\"font-weight: 400;\">Una galeta \u00e9s un petit fitxer de text que s&#039;emmagatzema al vostre navegador quan visita pr\u00e0cticament qualsevol p\u00e0gina web. La seva utilitat \u00e9s que la web sigui capa\u00e7 de recordar la vostra visita quan torneu a navegar en aquesta p\u00e0gina. Les cookies solen emmagatzemar informaci\u00f3 de car\u00e0cter t\u00e8cnic, prefer\u00e8ncies personals, personalitzaci\u00f3 de continguts, estad\u00edstiques d\u00fas, enlla\u00e7os a xarxes socials, acc\u00e9s a comptes dusuari, etc. L&#039;objectiu de la galeta \u00e9s adaptar el contingut de la web al seu perfil i necessitats, sense galetes els serveis oferts per qualsevol p\u00e0gina es veurien redu\u00efts notablement.<\/p>\n<p style=\"font-weight: 400;\">Segons qui sigui l&#039;entitat que gestioni el domini des d&#039;on s&#039;envi\u00efn les galetes i es tractis les dades que s&#039;obtinguin, es poden distingir dos tipus: galetes pr\u00f2pies i galetes de tercers.<\/p>\n<p style=\"font-weight: 400;\">Hi ha altres classificacions de cookies, atenent al final de temps que romanguin emmagatzemades al navegador del client, aix\u00ed com atenent a la finalitat per la qual es tractin les dades obtingudes.<\/p>\n<p style=\"font-weight: 400;\">Per a m\u00e9s informaci\u00f3 podeu consultar la Guia sobre l&#039;\u00fas de les cookies de l&#039;Ag\u00e8ncia Espanyola de Protecci\u00f3 de Dades.<\/p>\n<p style=\"font-weight: 400;\"><strong>Cookies utilitzades en aquest lloc web<\/strong><\/p>\n<p style=\"font-weight: 400;\">Seguint les directrius de l&#039;Ag\u00e8ncia Espanyola de Protecci\u00f3 de Dades procedim a detallar l&#039;\u00fas de galetes que fa aquesta web amb la finalitat d&#039;informar-les amb la m\u00e0xima exactitud possible. Aquest lloc web utilitza les cookies pr\u00f2pies:<\/p>\n<p style=\"font-weight: 400;\">Cookies pr\u00f2pies per al control de sessi\u00f3.<\/p>\n<p style=\"font-weight: 400;\">Galetes de car\u00e0cter t\u00e8cnic.<\/p>\n<p style=\"font-weight: 400;\">Galetes d&#039;acceptaci\u00f3 de la pr\u00f2pia pol\u00edtica de galetes, entre d&#039;altres.<\/p>\n<p style=\"font-weight: 400;\"><strong>Aquest lloc web utilitza les cookies de tercers seg\u00fcents:<\/strong><\/p>\n<p style=\"font-weight: 400;\">Google Analytics: Emmagatzema cookies per poder elaborar estad\u00edstiques sobre el tr\u00e0nsit i el volum de visites d&#039;aquesta web. Una de les eines de Google Analytics ens aporta informaci\u00f3 que tractem estad\u00edsticament sobre la navegaci\u00f3 per la nostra web i la classe de dispositiu utilitzat pels nostres visitants.<\/p>\n<p style=\"font-weight: 400;\">Xarxes socials: Cada xarxa social t\u00e9 les seves pr\u00f2pies cookies perqu\u00e8 pugueu fer clic en botons de tipus \u00abm&#039;agrada\u00bb o \u00abcompartir\u00bb.<\/p>\n<p>&nbsp;<\/p>\n<p style=\"font-weight: 400;\"><strong>Desactivaci\u00f3 o eliminaci\u00f3 de cookies<\/strong><\/p>\n<p style=\"font-weight: 400;\">En qualsevol moment podreu exercir el vostre dret de desactivaci\u00f3 o eliminaci\u00f3 de cookies d&#039;aquest lloc web. Aquestes accions es realitzen de manera diferent en funci\u00f3 del navegador que utilitzeu. At\u00e8s que a cadascun dels navegadors l&#039;operativa \u00e9s diferent, us indiquem que la funci\u00f3 \u201cAjuda\u201d us mostrar\u00e0 com fer-ho.<\/p>\n<p style=\"font-weight: 400;\"><strong>Acceptaci\u00f3 de la pol\u00edtica de cookies<\/strong><\/p>\n<p style=\"font-weight: 400;\">Prement el bot\u00f3 \u201cEnt\u00e9s\u201d s&#039;assumeix que vost\u00e8 accepta l&#039;\u00fas de cookies.<\/p>\n<p style=\"font-weight: 400;\"><strong>Notes addicionals<\/strong><\/p>\n<p style=\"font-weight: 400;\">Ni aquesta web ni els seus representants legals es fan responsables ni del contingut ni de la veracitat de les pol\u00edtiques de privadesa que puguin tenir els tercers nomenats en aquesta pol\u00edtica de cookies.<\/p>\n<p style=\"font-weight: 400;\">Els navegadors web s\u00f3n les eines encarregades d&#039;emmagatzemar les galetes i des d&#039;aquest lloc d&#039;efectuar el dret a eliminar-les o desactivar-les. Ni aquesta web ni els seus representants legals poden garantir la correcta o incorrecta manipulaci\u00f3 de les galetes per part dels anomenats navegadors.<\/p>\n<p style=\"font-weight: 400;\">Per a m\u00e9s informaci\u00f3 sobre l&#039;\u00fas que Google d\u00f3na a les galetes, consulteu\u00a0<a href=\"https:\/\/support.google.com\/analytics\/answer\/6004245\" target=\"_blank\" rel=\"noopener\">aquest enlla\u00e7<\/a>.<\/p>\n<p style=\"font-weight: 400;\">\u00a0<\/p>\n<p style=\"font-weight: 400;\">\u00a0<\/p>\n<div class= \"cky-audit-table-element\"><\/div>\n\t\t\t\t\t\t\t\t<\/div>\n\t\t\t\t<\/div>\n\t\t\t\t\t<\/div>\n\t\t\t\t<\/div>\n\t\t\t\t<\/div>","protected":false},"excerpt":{"rendered":"<p>Pol\u00edtica de cookies POL\u00cdTICA DE COOKIES \u00bfQu\u00e9 son las cookies? Una cookie es un peque\u00f1o fichero de texto que se almacena en su navegador cuando visita pr\u00e1cticamente cualquier p\u00e1gina web. Su utilidad es que la web sea capaz de recordar su visita cuando vuelva a navegar en esta p\u00e1gina. Las cookies suelen almacenar informaci\u00f3n de [&hellip;]<\/p>\n","protected":false},"author":1,"featured_media":0,"parent":0,"menu_order":0,"comment_status":"closed","ping_status":"closed","template":"","meta":{"footnotes":""},"class_list":["post-3239","page","type-page","status-publish","hentry"],"_links":{"self":[{"href":"https:\/\/batlle.es\/ca\/wp-json\/wp\/v2\/pages\/3239","targetHints":{"allow":["GET"]}}],"collection":[{"href":"https:\/\/batlle.es\/ca\/wp-json\/wp\/v2\/pages"}],"about":[{"href":"https:\/\/batlle.es\/ca\/wp-json\/wp\/v2\/types\/page"}],"author":[{"embeddable":true,"href":"https:\/\/batlle.es\/ca\/wp-json\/wp\/v2\/users\/1"}],"replies":[{"embeddable":true,"href":"https:\/\/batlle.es\/ca\/wp-json\/wp\/v2\/comments?post=3239"}],"version-history":[{"count":0,"href":"https:\/\/batlle.es\/ca\/wp-json\/wp\/v2\/pages\/3239\/revisions"}],"wp:attachment":[{"href":"https:\/\/batlle.es\/ca\/wp-json\/wp\/v2\/media?parent=3239"}],"curies":[{"name":"wp","href":"https:\/\/api.w.org\/{rel}","templated":true}]}}