{"id":3,"date":"2022-06-03T10:55:18","date_gmt":"2022-06-03T10:55:18","guid":{"rendered":"https:\/\/batlle.es\/?page_id=3"},"modified":"2024-11-11T11:35:18","modified_gmt":"2024-11-11T11:35:18","slug":"privacy-policy-batlle-marketig-digital-diseno","status":"publish","type":"page","link":"https:\/\/batlle.es\/ca\/privacy-policy-batlle-marketig-digital-diseno\/","title":{"rendered":"Pol\u00edtica de privadesa"},"content":{"rendered":"<div data-elementor-type=\"wp-page\" data-elementor-id=\"3\" class=\"elementor elementor-3\" data-elementor-post-type=\"page\">\n\t\t\t\t<div class=\"elementor-element elementor-element-3db9a6d e-con-full e-flex e-con e-parent\" data-id=\"3db9a6d\" data-element_type=\"container\" data-e-type=\"container\" data-settings=\"{&quot;background_background&quot;:&quot;classic&quot;}\">\n\t\t\t\t<div class=\"elementor-element elementor-element-b20c6ee elementor-align-right elementor-invisible elementor-widget elementor-widget-button\" data-id=\"b20c6ee\" data-element_type=\"widget\" data-e-type=\"widget\" data-settings=\"{&quot;_animation&quot;:&quot;fadeInLeft&quot;}\" data-widget_type=\"button.default\">\n\t\t\t\t<div class=\"elementor-widget-container\">\n\t\t\t\t\t\t\t\t\t<div class=\"elementor-button-wrapper\">\n\t\t\t\t\t<a class=\"elementor-button elementor-size-xs\" role=\"button\">\n\t\t\t\t\t\t<span class=\"elementor-button-content-wrapper\">\n\t\t\t\t\t\t\t\t\t<span class=\"elementor-button-text\">Pol\u00edtica de privadesa<\/span>\n\t\t\t\t\t<\/span>\n\t\t\t\t\t<\/a>\n\t\t\t\t<\/div>\n\t\t\t\t\t\t\t\t<\/div>\n\t\t\t\t<\/div>\n\t\t\t\t<\/div>\n\t\t<div class=\"elementor-element elementor-element-7259ec49 e-flex e-con-boxed e-con e-parent\" data-id=\"7259ec49\" data-element_type=\"container\" data-e-type=\"container\">\n\t\t\t\t\t<div class=\"e-con-inner\">\n\t\t\t\t<div class=\"elementor-element elementor-element-10892131 elementor-widget elementor-widget-text-editor\" data-id=\"10892131\" data-element_type=\"widget\" data-e-type=\"widget\" data-widget_type=\"text-editor.default\">\n\t\t\t\t<div class=\"elementor-widget-container\">\n\t\t\t\t\t\t\t\t\t\n<p style=\"font-weight: 400;\"><strong>PROTECCI\u00d3 DE DADES DE CAR\u00c0CTER PERSONAL<\/strong><\/p>\n<p style=\"font-weight: 400;\"><strong>Les teves dades, els teus drets, les nostres obligacions<\/strong><\/p>\n<p style=\"font-weight: 400;\">Aquest document explica la pol\u00edtica de protecci\u00f3 de dades de Batlle (d&#039;ara endavant BATLLE), que incorpora els principis del Reglament (UE) 2016\/679 del Parlament Europeu i del Consell, de 27 d&#039;abril de 2016 (d&#039;ara endavant Reglament General de Protecci\u00f3 de Dades).<\/p>\n<p style=\"font-weight: 400;\">Des de BATLLE assumim plenament l&#039;esperit d&#039;aquest Reglament europeu, at\u00e8s que en refor\u00e7a els drets i li ofereix m\u00e9s garanties en relaci\u00f3 amb el tractament de les dades. Aquesta norma fa homog\u00e8nia en l&#039;\u00e0mbit europeu el tractament de les vostres dades, i estableix un marc d&#039;informaci\u00f3 i de protecci\u00f3 el qual volem que conegueu.<\/p>\n<p style=\"font-weight: 400;\">Per aquest motiu resumim a continuaci\u00f3 els aspectes fonamentals de la nostra pol\u00edtica de protecci\u00f3 de dades:<\/p>\n<p style=\"font-weight: 400;\"><em>Qui \u00e9s el responsable del tractament de les dades personals?<\/em><\/p>\n<p style=\"font-weight: 400;\"><em>Quina funci\u00f3 t\u00e9 el delegat de protecci\u00f3 de dades?<\/em><\/p>\n<p style=\"font-weight: 400;\"><em>Amb quines finalitats tractem les dades?<\/em><\/p>\n<p style=\"font-weight: 400;\"><em>Com obtenim les dades?<\/em><\/p>\n<p style=\"font-weight: 400;\"><em>Quina \u00e9s la legitimaci\u00f3 legal per al tractament de les dades?<\/em><\/p>\n<p style=\"font-weight: 400;\"><em>A qui es comuniquen les dades?<\/em><\/p>\n<p style=\"font-weight: 400;\"><em>Quant de temps conservem les dades?<\/em><\/p>\n<p style=\"font-weight: 400;\"><em>Quins drets tenen les persones en relaci\u00f3 amb les dades que tractem?<\/em><\/p>\n<p style=\"font-weight: 400;\"><em>Com es poden exercir o defensar els drets?<\/em><\/p>\n<p style=\"font-weight: 400;\"><em>Pol\u00edtiques de protecci\u00f3 de dades espec\u00edfiques<\/em><\/p>\n<p style=\"font-weight: 400;\"><em>Qui \u00e9s el responsable del tractament de les dades personals?<\/em><\/p>\n<p style=\"font-weight: 400;\">El Responsable del tractament de les dades \u00e9s Batlle (BATLLE) correu electr\u00f2nic <a href=\"mailto:hola@batlle.es\">hola@batlle.es<\/a><\/p>\n<p style=\"font-weight: 400;\">El correu electr\u00f2nic per adre\u00e7ar sol\u00b7licituds en refer\u00e8ncia a la protecci\u00f3 de dades personals \u00e9s <a href=\"mailto:hola@batlle.es\">hola@batlle.es<\/a><\/p>\n<p style=\"font-weight: 400;\"><strong><em>Quina funci\u00f3 t\u00e9 el delegat de protecci\u00f3 de dades?<\/em><\/strong><\/p>\n<p style=\"font-weight: 400;\">El Delegat de Protecci\u00f3 de Dades (DPD) \u00e9s la persona que supervisa el compliment de la nostra pol\u00edtica de protecci\u00f3 de dades, vetllant perqu\u00e8 es tractin adequadament i es protegeixin els drets de les persones. Entre les seves funcions figura atendre qualsevol dubte, suggeriment, queixa o reclamaci\u00f3 de les persones de les quals es tracten dades. Podeu contactar amb el Delegat de Protecci\u00f3 de Dades dirigint-vos per escrit a la nostra adre\u00e7a postal i tel\u00e8fon, o directament a l&#039;adre\u00e7a electr\u00f2nica <a href=\"mailto:hola@batlle.es\">hola@batlle.\u00e9s.<\/a><\/p>\n<p style=\"font-weight: 400;\"><strong><em>Amb quina finalitat tractem les dades?<\/em><\/strong><\/p>\n<p style=\"font-weight: 400;\">Tractem les dades personals pensant en tot moment en els drets de les persones i sempre de manera proporcional. Aix\u00f2 vol dir que processem en cada cas les dades adequades, pertinents i requerides al compliment de les finalitats expl\u00edcites que en van motivar l&#039;obtenci\u00f3; en definitiva, nom\u00e9s les dades necess\u00e0ries per fer possible la prestaci\u00f3 dels serveis de Batlle.<\/p>\n<p style=\"font-weight: 400;\">En aquells casos en qu\u00e8 es vulgui con\u00e8ixer opinions o valoracions sobre els nostres serveis, \u00e9s possible que es requereixin m\u00e9s dades de les habituals. En aquestes ocasions, les respostes es processaran estad\u00edsticament i de manera dissociada de les dades identificatives de la persona que contesta.<\/p>\n<p style=\"font-weight: 400;\">BATLLE tracta les dades personals principalment per prestar els seus serveis, per a l&#039;enviament de comunicacions relatives a les seves activitats i serveis, per al desenvolupament de relacions comercials amb el nostre entorn, i en definitiva, per a la nostra pr\u00f2pia gesti\u00f3<\/p>\n<p style=\"font-weight: 400;\"><strong><em>Com obtenim les dades?<\/em><\/strong><\/p>\n<p style=\"font-weight: 400;\">La recollida de dades s&#039;aconsegueix principalment a partir de les vostres aportacions en les relacions establertes amb l&#039;organitzaci\u00f3. Les maneres de vehicular-ho poden ser a trav\u00e9s d&#039;eines o m\u00e8todes espec\u00edfics a aquest efecte, com per exemple, per mitj\u00e0 de formularis digitals o f\u00edsics, entrevistes, enregistrament d&#039;imatges mitjan\u00e7ant videoc\u00e0meres de seguretat, correus electr\u00f2nics,\u2026<\/p>\n<p style=\"font-weight: 400;\"><strong><em>Quina \u00e9s la legitimaci\u00f3 legal per al tractament de les dades?<\/em><\/strong><\/p>\n<p style=\"font-weight: 400;\">La base jur\u00eddica que legitima els diferents tractaments de dades que duem a terme t\u00e9 diferents fonaments legals segons el tipus de relaci\u00f3 i\/o vinculaci\u00f3 existent amb vosaltres. Classifiquem els principals tractaments de dades que fem seguint les bases legals de l&#039;article 6.1 del Reglament General de Protecci\u00f3 de Dades.<\/p>\n<p style=\"font-weight: 400;\">Tot seguit s&#039;entra en detall de cadascuna d&#039;aquestes legitimacions:<\/p>\n<p style=\"font-weight: 400;\">En compliment d&#039;una relaci\u00f3 precontractual:<\/p>\n<p style=\"font-weight: 400;\">\u00c9s el cas de les dades de persones interessades en els serveis que ofereix BATLLE.<\/p>\n<p style=\"font-weight: 400;\">Per altres motius per\u00f2 amb una legitimaci\u00f3 semblant, tractem les dades de futurs treballadors, usuaris dels serveis o prove\u00efdors amb qui tenim relacions pr\u00e8vies a la formalitzaci\u00f3 d&#039;una relaci\u00f3 contractual.<\/p>\n<p style=\"font-weight: 400;\">En compliment d&#039;una relaci\u00f3 contractual:<\/p>\n<p style=\"font-weight: 400;\">Cas de les relacions amb els nostres treballadors, prove\u00efdors i usuaris dels serveis de Batlle, i totes les actuacions i usos de les dades que comporten aquestes relacions contractuals.<\/p>\n<p style=\"font-weight: 400;\">En compliment d&#039;obligacions legals:<\/p>\n<p style=\"font-weight: 400;\">Es comuniquen dades, en compliment d&#039;obligacions legals (normativa fiscal), a l&#039;administraci\u00f3 tribut\u00e0ria, a \u00f2rgans judicials oa cossos i forces de seguretat si ho requerissin.<\/p>\n<p style=\"font-weight: 400;\">En base al consentiment de la persona interessada:<\/p>\n<p style=\"font-weight: 400;\">Quan enviem informaci\u00f3 de les nostres activitats o serveis utilitzem dades de contacte amb el consentiment expl\u00edcit de la persona que la rebr\u00e0.<\/p>\n<p style=\"font-weight: 400;\">\u00c9s tamb\u00e9 el cas del tractament de dades de persones que ens han fet arribar el seu curr\u00edculum o que participen en processos selectius dinserci\u00f3 laboral.<\/p>\n<p style=\"font-weight: 400;\">Per inter\u00e8s leg\u00edtim:<\/p>\n<p style=\"font-weight: 400;\">Les imatges que podem obtenir amb les c\u00e0meres de videovigil\u00e0ncia es tracten per l&#039;inter\u00e8s leg\u00edtim, de Batlle, de preservar els b\u00e9ns i les instal\u00b7lacions.<\/p>\n<p style=\"font-weight: 400;\">El nostre inter\u00e8s leg\u00edtim justifica tamb\u00e9 el tractament de les dades que obtenim dels formularis de contacte.<\/p>\n<p style=\"font-weight: 400;\"><strong><em>A qui es comuniquen les dades?<\/em><\/strong><\/p>\n<p style=\"font-weight: 400;\">Com a criteri general, les dades personals que tractem a BATLLE, amb l&#039;objectiu d&#039;aconseguir les finalitats i tenint en compte les legitimacions descrites pr\u00e8viament, \u00fanicament s\u00f3n comunicades segons compliments d&#039;obligaci\u00f3 legals<\/p>\n<p style=\"font-weight: 400;\">En els termes del Reglament general de protecci\u00f3 de dades no es tracta pr\u00f2piament d&#039;una cessi\u00f3 de dades sin\u00f3 d&#039;un enc\u00e0rrec de tractament. Nom\u00e9s es contracten serveis d&#039;empreses que garanteixen el compliment d&#039;aquesta normativa. En el moment de la contractaci\u00f3 es formalitzen les obligacions de confidencialitat i es fa un seguiment de la seva actuaci\u00f3. Pot ser el cas de serveis d&#039;allotjament de dades a servidors, de serveis de suport inform\u00e0tic, d&#039;assessories jur\u00eddiques, comptables o fiscals.<\/p>\n<p style=\"font-weight: 400;\">En base a aix\u00f2, les comunicacions de dades seg\u00fcents vetllen per garantir el correcte desenvolupament de les relacions contractuals existents, aix\u00ed com donar compliment a obligacions legals que exigeixen realitzar les comunicacions esmentades:<\/p>\n<p style=\"font-weight: 400;\"><strong><em>Quant de temps conservem les dades?<\/em><\/strong><\/p>\n<p style=\"font-weight: 400;\">El temps de conservaci\u00f3 de les dades \u00e9s determinat per diferents factors. Incideix en la seva conservaci\u00f3 en primer lloc el fet que les dades segueixin sent necess\u00e0ries per atendre les finalitats per a les quals hagin estat recollides en cada cas. En segon lloc, es conserven per fer front a possibles responsabilitats pel tractament de les dades per part de BATLLE, i per atendre qualsevol requeriment de les administracions p\u00fabliques o \u00f2rgans judicials.<\/p>\n<p style=\"font-weight: 400;\">En conseq\u00fc\u00e8ncia les dades s&#039;han de conservar durant el temps necessari per preservar el seu valor legal o informatiu i per acreditar el compliment de les obligacions legals, per\u00f2 no per un per\u00edode superior al necessari per a les finalitats del tractament (exig\u00e8ncia de \u201climitaci\u00f3 del termini de conservaci\u00f3\u201d del Reglament General de Protecci\u00f3 de Dades).<\/p>\n<p style=\"font-weight: 400;\">En determinats casos, com el de les dades que figuren a la documentaci\u00f3 comptable i la facturaci\u00f3, la normativa fiscal obliga a conservar-les fins que no prescriguin les responsabilitats en aquesta mat\u00e8ria.<\/p>\n<p style=\"font-weight: 400;\">En el cas de les dades que es tracten exclusivament sobre la base del consentiment de la persona interessada, es conserven fins que aquesta persona no revoca aquest consentiment.<\/p>\n<p style=\"font-weight: 400;\">Finalment, en el cas de les imatges obtingudes per les c\u00e0meres de videovigil\u00e0ncia, es conserven com a m\u00e0xim durant un mes, si b\u00e9 en cas d&#039;incidents que ho justifiquin es conserven el temps necessari per facilitar les actuacions dels cossos i forces de seguretat o dels \u00f2rgans judicials.<\/p>\n<p style=\"font-weight: 400;\"><strong><em>Quins drets tenen les persones en relaci\u00f3 amb les dades que tractem?<\/em><\/strong><\/p>\n<p style=\"font-weight: 400;\">Tal com preveu el Reglament General de Protecci\u00f3 de Dades, les persones de les quals tractem dades tenen els drets seg\u00fcents:<\/p>\n<p style=\"font-weight: 400;\">A saber si es tracten:<\/p>\n<p style=\"font-weight: 400;\">Qualsevol persona t\u00e9, en primer lloc, dret a saber si tractem dades seves, amb independ\u00e8ncia de si hi ha hagut relaci\u00f3 pr\u00e8via.<\/p>\n<p style=\"font-weight: 400;\">A ser informat a la recollida:<\/p>\n<p style=\"font-weight: 400;\">Quan les dades personals s&#039;obtenen de la mateixa persona interessada, en el moment de proporcionar-les ha de tenir informaci\u00f3 clara de les finalitats a qu\u00e8 es destinaran, de qui ser\u00e0 el responsable del tractament i dels principals aspectes derivats d&#039;aquest tractament.<\/p>\n<p style=\"font-weight: 400;\">A l&#039;acc\u00e9s:<\/p>\n<p style=\"font-weight: 400;\">Dret molt ampli que inclou saber amb precisi\u00f3 quines dades personals s\u00f3n objecte de tractament i quina \u00e9s la finalitat per a la qual es tracten, les comunicacions a altres persones que es faran (si \u00e9s el cas) o el dret a obtenir-ne una c\u00f2pia oa saber el terme previst de conservaci\u00f3.<\/p>\n<p style=\"font-weight: 400;\">A la rectificaci\u00f3:<\/p>\n<p style=\"font-weight: 400;\">\u00c9s el dret a demanar la modificaci\u00f3 d&#039;aquelles dades inexactes que siguin objecte de tractament per part nostra.<\/p>\n<p style=\"font-weight: 400;\">A la revocaci\u00f3:<\/p>\n<p style=\"font-weight: 400;\">En determinades circumst\u00e0ncies hi ha el dret a sol\u00b7licitar la supressi\u00f3 de les dades quan, entre altres motius, ja no siguin necessaris per a fins pels quals van ser recollits i se&#039;n va justificar el tractament.<\/p>\n<p style=\"font-weight: 400;\">A sol\u00b7licitar la limitaci\u00f3 del tractament:<\/p>\n<p style=\"font-weight: 400;\">Tamb\u00e9 en certs sup\u00f2sits es reconeix el dret de requerir la limitaci\u00f3 del tractament de les dades. En aquest cas deixaran de ser tractats i nom\u00e9s es conservaran per a lexercici de defensa de reclamacions, dacord amb el Reglament General de Protecci\u00f3 de Dades.<\/p>\n<p style=\"font-weight: 400;\">A la portabilitat:<\/p>\n<p style=\"font-weight: 400;\">En els casos previstos a la normativa es reconeix el dret a obtenir dades personals pr\u00f2pies en un format estructurat d&#039;\u00fas com\u00fa llegible per m\u00e0quina, ia transmetre&#039;ls a un altre responsable del tractament si aix\u00ed ho decideix la persona interessada.<\/p>\n<p style=\"font-weight: 400;\">A l&#039;oposici\u00f3 al tractament:<\/p>\n<p style=\"font-weight: 400;\">Una persona pot adduir motius relacionats amb la seva situaci\u00f3 particular, fets que comportaran que es deixin de tractar les dades personals en el grau o mesura que li pugui comportar un perjudici, excepte per motius leg\u00edtims, de l&#039;exercici o en defensa davant de reclamacions.<\/p>\n<p style=\"font-weight: 400;\">A no rebre informaci\u00f3:<\/p>\n<p style=\"font-weight: 400;\">Atenem immediatament les peticions de no continuar rebent informaci\u00f3 de les nostres activitats i serveis, quan aquests enviaments es fonamentaven \u00fanicament en el consentiment de la persona receptora.<\/p>\n<p style=\"font-weight: 400;\"><strong><em>Com es poden exercir o defensar els drets?<\/em><\/strong><\/p>\n<p style=\"font-weight: 400;\">Els drets que acabem d&#039;enumerar es poden exercir mitjan\u00e7ant una sol\u00b7licitud escrita a BATLLE a l&#039;adre\u00e7a del correu electr\u00f2nic <a href=\"mailto:hola@batlle.es\">hola@batlle.es<\/a><\/p>\n<p style=\"font-weight: 400;\">En qualsevol cas, ja sigui per presentar reclamacions, demanar aclariment o fer arribar suggeriments, es pot adre\u00e7ar al Delegat de Protecci\u00f3 de Dades mitjan\u00e7ant missatges de correu electr\u00f2nic a l&#039;adre\u00e7a\u00a0<a href=\"mailto:hola@batlle.es\">hola@batlle.es<\/a><\/p>\n<p style=\"font-weight: 400;\">Si no s&#039;ha obtingut resposta satisfact\u00f2ria a l&#039;exercici de drets, \u00e9s possible presentar una reclamaci\u00f3 davant de l&#039;Autoritat Catalana de Protecci\u00f3 de Dades, mitjan\u00e7ant formularis o altres canals accessibles des del web <a href=\"https:\/\/apdcat.gencat.cat\/es\/inici\/\" target=\"_blank\" rel=\"noopener\">https:\/\/apdcat.gencat.cat\/es\/inici\/<\/a><\/p>\n<p>\u00a0<\/p>\n<p style=\"font-weight: 400;\">\u00a0<\/p>\n\t\t\t\t\t\t\t\t<\/div>\n\t\t\t\t<\/div>\n\t\t\t\t\t<\/div>\n\t\t\t\t<\/div>\n\t\t\t\t<\/div>","protected":false},"excerpt":{"rendered":"<p>Pol\u00edtica de privacidad PROTECCI\u00d3N DE DATOS DE CAR\u00c1CTER PERSONAL Tus datos, tus derechos, nuestras obligaciones Este documento explica la pol\u00edtica de protecci\u00f3n de datos de Batlle (en adelante BATLLE), que incorpora los principios del Reglamento (UE) 2016\/679 del Parlamento Europeo y del Consejo, de 27 de abril de 2016 (en adelante Reglamento General de Protecci\u00f3n [&hellip;]<\/p>\n","protected":false},"author":1,"featured_media":0,"parent":0,"menu_order":0,"comment_status":"closed","ping_status":"open","template":"","meta":{"footnotes":""},"class_list":["post-3","page","type-page","status-publish","hentry"],"_links":{"self":[{"href":"https:\/\/batlle.es\/ca\/wp-json\/wp\/v2\/pages\/3","targetHints":{"allow":["GET"]}}],"collection":[{"href":"https:\/\/batlle.es\/ca\/wp-json\/wp\/v2\/pages"}],"about":[{"href":"https:\/\/batlle.es\/ca\/wp-json\/wp\/v2\/types\/page"}],"author":[{"embeddable":true,"href":"https:\/\/batlle.es\/ca\/wp-json\/wp\/v2\/users\/1"}],"replies":[{"embeddable":true,"href":"https:\/\/batlle.es\/ca\/wp-json\/wp\/v2\/comments?post=3"}],"version-history":[{"count":0,"href":"https:\/\/batlle.es\/ca\/wp-json\/wp\/v2\/pages\/3\/revisions"}],"wp:attachment":[{"href":"https:\/\/batlle.es\/ca\/wp-json\/wp\/v2\/media?parent=3"}],"curies":[{"name":"wp","href":"https:\/\/api.w.org\/{rel}","templated":true}]}}